{"id":1028,"date":"2018-12-02T21:57:03","date_gmt":"2018-12-02T20:57:03","guid":{"rendered":"https:\/\/medical-volunteers.org\/?page_id=1028"},"modified":"2025-10-22T10:46:07","modified_gmt":"2025-10-22T08:46:07","slug":"jetzt-spenden","status":"publish","type":"page","link":"https:\/\/medical-solidarity.org\/de\/jetzt-spenden\/","title":{"rendered":"JETZT SPENDEN"},"content":{"rendered":"<div id='donate'  class='avia-section av-jo631swv-e9eb12f93f530d5afb9938f79e144511 main_color avia-section-large avia-no-border-styling  avia-builder-el-0  avia-builder-el-no-sibling  avia-bg-style-parallax av-minimum-height av-minimum-height-50 av-height-50  container_wrap fullsize'   data-av_minimum_height_pc='50' data-av_min_height_opt='50'><div class='container av-section-cont-open' ><main  role=\"main\" itemprop=\"mainContentOfPage\"  class='template-page content  av-content-full alpha units'><div class='post-entry post-entry-type-page post-entry-1028'><div class='entry-content-wrapper clearfix'>\n<div class='flex_column_table av-1rwax-6cd38bfa808579331e80c7b5f14cd0df sc-av_one_half av-equal-height-column-flextable'>\n<style type=\"text\/css\" data-created_by=\"avia_inline_auto\" id=\"style-css-av-1rwax-6cd38bfa808579331e80c7b5f14cd0df\">\n.flex_column.av-1rwax-6cd38bfa808579331e80c7b5f14cd0df{\nborder-radius:0px 0px 0px 0px;\npadding:0px 0px 0px 0px;\n}\n<\/style>\n<div  class='flex_column av-1rwax-6cd38bfa808579331e80c7b5f14cd0df av_one_half  avia-builder-el-1  el_before_av_one_half  avia-builder-el-first  first flex_column_table_cell av-equal-height-column av-align-middle av-animated-generic fade-in av-zero-column-padding  '     ><p>\n<style type=\"text\/css\" data-created_by=\"avia_inline_auto\" id=\"style-css-av-68q32s-a45e17a25cbdaa04e4346917cc6c7d24\">\n#top .av-special-heading.av-68q32s-a45e17a25cbdaa04e4346917cc6c7d24{\npadding-bottom:10px;\nfont-size:50px;\n}\nbody .av-special-heading.av-68q32s-a45e17a25cbdaa04e4346917cc6c7d24 .av-special-heading-tag .heading-char{\nfont-size:25px;\n}\n#top #wrap_all .av-special-heading.av-68q32s-a45e17a25cbdaa04e4346917cc6c7d24 .av-special-heading-tag{\nfont-size:50px;\n}\n.av-special-heading.av-68q32s-a45e17a25cbdaa04e4346917cc6c7d24 .av-subheading{\nfont-size:18px;\n}\n\n@media only screen and (min-width: 480px) and (max-width: 767px){ \n#top #wrap_all .av-special-heading.av-68q32s-a45e17a25cbdaa04e4346917cc6c7d24 .av-special-heading-tag{\nfont-size:0.8em;\n}\n}\n\n@media only screen and (max-width: 479px){ \n#top #wrap_all .av-special-heading.av-68q32s-a45e17a25cbdaa04e4346917cc6c7d24 .av-special-heading-tag{\nfont-size:0.8em;\n}\n}\n<\/style>\n<div  class='av-special-heading av-68q32s-a45e17a25cbdaa04e4346917cc6c7d24 av-special-heading-h2 blockquote modern-quote  avia-builder-el-2  el_before_av_textblock  avia-builder-el-first  av-inherit-size av-linked-heading'><div class='av-subheading av-subheading_above'><p>Jede Spende hilft!<\/p>\n<\/div><h2 class='av-special-heading-tag'  itemprop=\"headline\"  >Jetzt spenden!<\/h2><div class=\"special-heading-border\"><div class=\"special-heading-inner-border\"><\/div><\/div><\/div><br \/>\n<section  class='av_textblock_section av-jo7gx1ga-8a6eff36c2b5a34bcc43fc26ea4bac5e '   itemscope=\"itemscope\" itemtype=\"https:\/\/schema.org\/CreativeWork\" ><div class='avia_textblock'  itemprop=\"text\" ><p style=\"text-align: left;\">Warum Spenden? Wir sind auf Spenden angewiesen, um medizinische Ausstattung und Medikamente beschaffen zu k\u00f6nnen. Unsere Verwaltungskosten halten wir dabei so niedrig wie m\u00f6glich. Mit deiner Hilfe erm\u00f6glichen wir einzigartige und lebensnotwendige medizinische Notversorgung f\u00fcr notleidende Menschen. Etwa die H\u00e4lfte unserer Patient*innen sind nicht registrierte Gefl\u00fcchtete und w\u00fcrden ohne unsere gemeinsame Hilfe medizinisch unterversorgt bleiben. Deshalb ist deine Spende so wichtig.<\/p>\n<\/div><\/section><\/p><\/div><div class='av-flex-placeholder'><\/div>\n<style type=\"text\/css\" data-created_by=\"avia_inline_auto\" id=\"style-css-av-27pd1-cbaa5b25deabdcc836a470140bf59bc0\">\n.flex_column.av-27pd1-cbaa5b25deabdcc836a470140bf59bc0{\nborder-radius:0px 0px 0px 0px;\npadding:30px 0px 0px 0px;\n}\n<\/style>\n<div  class='flex_column av-27pd1-cbaa5b25deabdcc836a470140bf59bc0 av_one_half  avia-builder-el-4  el_after_av_one_half  el_before_av_hr  flex_column_table_cell av-equal-height-column av-align-middle  '     ><\/div><\/div><!--close column table wrapper. Autoclose: 1 --><div  class='hr av-n5nft-4e77a8f3f4042bee4154bbbdc36e62ea hr-default  avia-builder-el-6  el_after_av_one_half  el_before_av_one_fourth '><span class='hr-inner '><span class=\"hr-inner-style\"><\/span><\/span><\/div>\n<div  class='flex_column av-4djj6c-fcb0cf054ff8581d8fe61cd3e63fe34a av_one_fourth  avia-builder-el-7  el_after_av_hr  el_before_av_one_fourth  first flex_column_div  '     ><style type=\"text\/css\" data-created_by=\"avia_inline_auto\" id=\"style-css-av-m4k2sfia-7a6c881cc60547ebc6c8f4e27a2aa1ba\">\n.avia-image-container.av-m4k2sfia-7a6c881cc60547ebc6c8f4e27a2aa1ba img.avia_image{\nbox-shadow:none;\n}\n.avia-image-container.av-m4k2sfia-7a6c881cc60547ebc6c8f4e27a2aa1ba .av-image-caption-overlay-center{\ncolor:#ffffff;\n}\n<\/style>\n<div  class='avia-image-container av-m4k2sfia-7a6c881cc60547ebc6c8f4e27a2aa1ba av-styling- avia-align-left  avia-builder-el-8  avia-builder-el-no-sibling '   itemprop=\"image\" itemscope=\"itemscope\" itemtype=\"https:\/\/schema.org\/ImageObject\" ><div class=\"avia-image-container-inner\"><div class=\"avia-image-overlay-wrap\"><a href=\"https:\/\/medical-volunteers.org\/de\/transparenz\/\" class='avia_image' target=\"_blank\" rel=\"noopener noreferrer\" aria-label='ITZ'><img fetchpriority=\"high\" decoding=\"async\" fetchpriority=\"high\" fetchpriority=\"high\" class='wp-image-186167 avia-img-lazy-loading-not-186167 avia_image ' src=\"https:\/\/medical-solidarity.org\/wp-content\/uploads\/2024\/12\/itz_sp-1.jpg\" alt='logo itz' title='ITZ'  height=\"321\" width=\"945\"  itemprop=\"thumbnailUrl\" srcset=\"https:\/\/medical-solidarity.org\/wp-content\/uploads\/2024\/12\/itz_sp-1.jpg 945w, https:\/\/medical-solidarity.org\/wp-content\/uploads\/2024\/12\/itz_sp-1-300x102.jpg 300w, https:\/\/medical-solidarity.org\/wp-content\/uploads\/2024\/12\/itz_sp-1-768x261.jpg 768w, https:\/\/medical-solidarity.org\/wp-content\/uploads\/2024\/12\/itz_sp-1-705x239.jpg 705w\" sizes=\"(max-width: 945px) 100vw, 945px\" \/><\/a><\/div><\/div><\/div><\/div>\n<style type=\"text\/css\" data-created_by=\"avia_inline_auto\" id=\"style-css-av-fojxt-f26af58fbad41729c1554cfa7db52e8d\">\n.flex_column.av-fojxt-f26af58fbad41729c1554cfa7db52e8d{\nborder-radius:0px 0px 0px 0px;\npadding:0px 0px 0px 0px;\n}\n<\/style>\n<div  class='flex_column av-fojxt-f26af58fbad41729c1554cfa7db52e8d av_one_fourth  avia-builder-el-9  el_after_av_one_fourth  el_before_av_one_half  flex_column_div av-zero-column-padding  '     ><section  class='av_textblock_section av-jqfikxwi-8281161caf5de5ca3a24a6183cc715d6 '   itemscope=\"itemscope\" itemtype=\"https:\/\/schema.org\/CreativeWork\" ><div class='avia_textblock'  itemprop=\"text\" ><p><b>Spendenkonto<\/b><\/p>\n<p>Medical Solidarity International e.V.<br \/>\nIBAN DE08430609672076077900<br \/>\nBIC GENODEM1GLS<br \/>\nGLS BANK<\/p>\n<\/div><\/section><\/div>\n<style type=\"text\/css\" data-created_by=\"avia_inline_auto\" id=\"style-css-av-9o84p-c5cb4ee0f917030642677312d91a534a\">\n.flex_column.av-9o84p-c5cb4ee0f917030642677312d91a534a{\nborder-radius:0px 0px 0px 0px;\npadding:0px 0px 0px 0px;\n}\n<\/style>\n<div  class='flex_column av-9o84p-c5cb4ee0f917030642677312d91a534a av_one_half  avia-builder-el-11  el_after_av_one_fourth  el_before_av_hr  flex_column_div av-zero-column-padding  '     ><div  class='avia-button-wrap avia-button-center  avia-builder-el-12  avia-builder-el-no-sibling '>\n<style type=\"text\/css\" data-created_by=\"avia_inline_auto\" id=\"style-css-av-mh1qw220-453954daaa453b11a2bef98fafc424f3\">\n#top #wrap_all .avia-button.av-mh1qw220-453954daaa453b11a2bef98fafc424f3{\nmargin:80px 0px 0px 0px;\npadding:10px 0 10px 0;\n}\n#top #wrap_all .avia-button.av-mh1qw220-453954daaa453b11a2bef98fafc424f3:hover{\ncolor:white;\ntransition:all 0.4s ease-in-out;\n}\n<\/style>\n<a href='https:\/\/www.paypal.com\/donate\/?hosted_button_id=NGSRLKYLD6H8C' class='avia-color-theme-color avia-font-color-theme-color avia-button avia-button-fullwidth av-mh1qw220-453954daaa453b11a2bef98fafc424f3 avia-icon_select-no avia-color-theme-color'  ><span class='avia_iconbox_title' >Spenden per Paypal<\/span><span class='avia_button_background avia-button avia-button-fullwidth avia-color-theme-color-highlight'><\/span><\/a><\/div><\/div><div  class='hr av-n5nft-4-f9751a23cba545c08e739932ef27785f hr-default  avia-builder-el-13  el_after_av_one_half  el_before_av_one_full '><span class='hr-inner '><span class=\"hr-inner-style\"><\/span><\/span><\/div>\n\n<style type=\"text\/css\" data-created_by=\"avia_inline_auto\" id=\"style-css-av-2n70pg-4d1b1010010f5507875b3acebc1bc879\">\n.flex_column.av-2n70pg-4d1b1010010f5507875b3acebc1bc879{\nborder-radius:0px 0px 0px 0px;\npadding:0px 0px 0px 0px;\n}\n<\/style>\n<div  class='flex_column av-2n70pg-4d1b1010010f5507875b3acebc1bc879 av_one_full  avia-builder-el-14  el_after_av_hr  avia-builder-el-last  first flex_column_div av-zero-column-padding  '     ><section  class='av_textblock_section av-korafdqf-c82ff1cd2a6505f99b7db761b8cac9df '   itemscope=\"itemscope\" itemtype=\"https:\/\/schema.org\/CreativeWork\" ><div class='avia_textblock'  itemprop=\"text\" ><h3>Spendenzweck<\/h3>\n<p style=\"font-weight: 400;\">Wir freuen uns \u00fcber jede Spende, die uns dabei unterst\u00fctzt, unseren satzungsgem\u00e4\u00dfen Zweck zu erf\u00fcllen, n\u00e4mlich Menschen in Not zu helfen! Solltest Du Deine Spende f\u00fcr ein ganz konkretes Projekt oder einen unserer Standorte t\u00e4tigen, werden wir uns bem\u00fchen, diese auch genau so zu verwenden.<\/p>\n<p style=\"font-weight: 400;\">Sollte dies nicht m\u00f6glich sein, wird Deine Spende anderen Projekten oder Standorten zugute kommen, die ebenso auf eine Finanzierung angewiesen sind.<\/p>\n<p style=\"font-weight: 400;\">Am einfachsten hilfst Du uns mit einer sogenannten \u201efreien\u201c Spende, also einer Spende, die keinen bestimmten Spendenzweck hat.<\/p>\n<h3>Vereinfachter Spendennachweis<\/h3>\n<p>Du hast schon gespendet und brauchst eine Zuwendungsbest\u00e4tigung? Bei Spenden bis 300 \u20ac gen\u00fcgt dem Finanzamt bereits die Kopie des entsprechenden Kontoauszugs bzw. ein Ausdruck vom Onlinebanking in Verbindung mit dem Begleitschreiben, welches du <a href=\"https:\/\/medical-volunteers.org\/20210528_vereinfachter_Spendennachweis-1.pdf\" target=\"_blank\" rel=\"noopener\">hier<\/a> findest.<\/p>\n<p>Wenn eine Spendenbescheinigung gew\u00fcnscht wird, bitte die Adresse bei der \u00dcberweisung bzw. bei Paypal in den Betreff schreiben. Spendenbescheinigungen werden zu Beginn des Folgejahres verschickt.<\/p>\n<\/div><\/section><\/div>\n","protected":false},"excerpt":{"rendered":"","protected":false},"author":48,"featured_media":0,"parent":0,"menu_order":9,"comment_status":"closed","ping_status":"closed","template":"","meta":{"footnotes":""},"class_list":["post-1028","page","type-page","status-publish","hentry"],"yoast_head":"<!-- This site is optimized with the Yoast SEO plugin v27.4 - https:\/\/yoast.com\/product\/yoast-seo-wordpress\/ -->\n<title>JETZT SPENDEN &#8212; Medical Solidarity International<\/title>\n<meta name=\"robots\" content=\"index, follow, max-snippet:-1, max-image-preview:large, max-video-preview:-1\" \/>\n<link rel=\"canonical\" href=\"https:\/\/medical-solidarity.org\/de\/jetzt-spenden\/\" \/>\n<meta property=\"og:locale\" content=\"de_DE\" \/>\n<meta property=\"og:type\" content=\"article\" \/>\n<meta property=\"og:title\" content=\"JETZT SPENDEN &#8212; Medical Solidarity International\" \/>\n<meta property=\"og:url\" content=\"https:\/\/medical-solidarity.org\/de\/jetzt-spenden\/\" \/>\n<meta property=\"og:site_name\" content=\"Medical Solidarity International\" \/>\n<meta property=\"article:publisher\" content=\"https:\/\/www.facebook.com\/medicalvolunteersinternational\/\" \/>\n<meta property=\"article:modified_time\" content=\"2025-10-22T08:46:07+00:00\" \/>\n<meta name=\"twitter:card\" content=\"summary_large_image\" \/>\n<meta name=\"twitter:site\" content=\"@MVI_Greece\" \/>\n<meta name=\"twitter:label1\" content=\"Gesch\u00e4tzte Lesezeit\" \/>\n\t<meta name=\"twitter:data1\" content=\"2\u00a0Minuten\" \/>\n<script type=\"application\/ld+json\" class=\"yoast-schema-graph\">{\"@context\":\"https:\\\/\\\/schema.org\",\"@graph\":[{\"@type\":\"WebPage\",\"@id\":\"https:\\\/\\\/medical-solidarity.org\\\/de\\\/jetzt-spenden\\\/\",\"url\":\"https:\\\/\\\/medical-solidarity.org\\\/de\\\/jetzt-spenden\\\/\",\"name\":\"JETZT SPENDEN &#8212; Medical Solidarity International\",\"isPartOf\":{\"@id\":\"https:\\\/\\\/medical-solidarity.org\\\/de\\\/#website\"},\"datePublished\":\"2018-12-02T20:57:03+00:00\",\"dateModified\":\"2025-10-22T08:46:07+00:00\",\"breadcrumb\":{\"@id\":\"https:\\\/\\\/medical-solidarity.org\\\/de\\\/jetzt-spenden\\\/#breadcrumb\"},\"inLanguage\":\"de\",\"potentialAction\":[{\"@type\":\"ReadAction\",\"target\":[\"https:\\\/\\\/medical-solidarity.org\\\/de\\\/jetzt-spenden\\\/\"]}]},{\"@type\":\"BreadcrumbList\",\"@id\":\"https:\\\/\\\/medical-solidarity.org\\\/de\\\/jetzt-spenden\\\/#breadcrumb\",\"itemListElement\":[{\"@type\":\"ListItem\",\"position\":1,\"name\":\"Home\",\"item\":\"https:\\\/\\\/medical-solidarity.org\\\/de\\\/medical-volunteers-2\\\/\"},{\"@type\":\"ListItem\",\"position\":2,\"name\":\"JETZT SPENDEN\"}]},{\"@type\":\"WebSite\",\"@id\":\"https:\\\/\\\/medical-solidarity.org\\\/de\\\/#website\",\"url\":\"https:\\\/\\\/medical-solidarity.org\\\/de\\\/\",\"name\":\"Medical Solidarity International\",\"description\":\"\",\"publisher\":{\"@id\":\"https:\\\/\\\/medical-solidarity.org\\\/de\\\/#organization\"},\"potentialAction\":[{\"@type\":\"SearchAction\",\"target\":{\"@type\":\"EntryPoint\",\"urlTemplate\":\"https:\\\/\\\/medical-solidarity.org\\\/de\\\/?s={search_term_string}\"},\"query-input\":{\"@type\":\"PropertyValueSpecification\",\"valueRequired\":true,\"valueName\":\"search_term_string\"}}],\"inLanguage\":\"de\"},{\"@type\":\"Organization\",\"@id\":\"https:\\\/\\\/medical-solidarity.org\\\/de\\\/#organization\",\"name\":\"Medical Solidarity International\",\"url\":\"https:\\\/\\\/medical-solidarity.org\\\/de\\\/\",\"logo\":{\"@type\":\"ImageObject\",\"inLanguage\":\"de\",\"@id\":\"https:\\\/\\\/medical-solidarity.org\\\/de\\\/#\\\/schema\\\/logo\\\/image\\\/\",\"url\":\"https:\\\/\\\/medical-solidarity.org\\\/wp-content\\\/uploads\\\/2025\\\/10\\\/Logo-rot-schwarz.png\",\"contentUrl\":\"https:\\\/\\\/medical-solidarity.org\\\/wp-content\\\/uploads\\\/2025\\\/10\\\/Logo-rot-schwarz.png\",\"width\":1421,\"height\":1500,\"caption\":\"Medical Solidarity International\"},\"image\":{\"@id\":\"https:\\\/\\\/medical-solidarity.org\\\/de\\\/#\\\/schema\\\/logo\\\/image\\\/\"},\"sameAs\":[\"https:\\\/\\\/www.facebook.com\\\/medicalvolunteersinternational\\\/\",\"https:\\\/\\\/x.com\\\/MVI_Greece\",\"https:\\\/\\\/www.instagram.com\\\/mvi_greece\\\/\"]}]}<\/script>\n<!-- \/ Yoast SEO plugin. -->","yoast_head_json":{"title":"JETZT SPENDEN &#8212; Medical Solidarity International","robots":{"index":"index","follow":"follow","max-snippet":"max-snippet:-1","max-image-preview":"max-image-preview:large","max-video-preview":"max-video-preview:-1"},"canonical":"https:\/\/medical-solidarity.org\/de\/jetzt-spenden\/","og_locale":"de_DE","og_type":"article","og_title":"JETZT SPENDEN &#8212; Medical Solidarity International","og_url":"https:\/\/medical-solidarity.org\/de\/jetzt-spenden\/","og_site_name":"Medical Solidarity International","article_publisher":"https:\/\/www.facebook.com\/medicalvolunteersinternational\/","article_modified_time":"2025-10-22T08:46:07+00:00","twitter_card":"summary_large_image","twitter_site":"@MVI_Greece","twitter_misc":{"Gesch\u00e4tzte Lesezeit":"2\u00a0Minuten"},"schema":{"@context":"https:\/\/schema.org","@graph":[{"@type":"WebPage","@id":"https:\/\/medical-solidarity.org\/de\/jetzt-spenden\/","url":"https:\/\/medical-solidarity.org\/de\/jetzt-spenden\/","name":"JETZT SPENDEN &#8212; Medical Solidarity International","isPartOf":{"@id":"https:\/\/medical-solidarity.org\/de\/#website"},"datePublished":"2018-12-02T20:57:03+00:00","dateModified":"2025-10-22T08:46:07+00:00","breadcrumb":{"@id":"https:\/\/medical-solidarity.org\/de\/jetzt-spenden\/#breadcrumb"},"inLanguage":"de","potentialAction":[{"@type":"ReadAction","target":["https:\/\/medical-solidarity.org\/de\/jetzt-spenden\/"]}]},{"@type":"BreadcrumbList","@id":"https:\/\/medical-solidarity.org\/de\/jetzt-spenden\/#breadcrumb","itemListElement":[{"@type":"ListItem","position":1,"name":"Home","item":"https:\/\/medical-solidarity.org\/de\/medical-volunteers-2\/"},{"@type":"ListItem","position":2,"name":"JETZT SPENDEN"}]},{"@type":"WebSite","@id":"https:\/\/medical-solidarity.org\/de\/#website","url":"https:\/\/medical-solidarity.org\/de\/","name":"Medical Solidarity International","description":"","publisher":{"@id":"https:\/\/medical-solidarity.org\/de\/#organization"},"potentialAction":[{"@type":"SearchAction","target":{"@type":"EntryPoint","urlTemplate":"https:\/\/medical-solidarity.org\/de\/?s={search_term_string}"},"query-input":{"@type":"PropertyValueSpecification","valueRequired":true,"valueName":"search_term_string"}}],"inLanguage":"de"},{"@type":"Organization","@id":"https:\/\/medical-solidarity.org\/de\/#organization","name":"Medical Solidarity International","url":"https:\/\/medical-solidarity.org\/de\/","logo":{"@type":"ImageObject","inLanguage":"de","@id":"https:\/\/medical-solidarity.org\/de\/#\/schema\/logo\/image\/","url":"https:\/\/medical-solidarity.org\/wp-content\/uploads\/2025\/10\/Logo-rot-schwarz.png","contentUrl":"https:\/\/medical-solidarity.org\/wp-content\/uploads\/2025\/10\/Logo-rot-schwarz.png","width":1421,"height":1500,"caption":"Medical Solidarity International"},"image":{"@id":"https:\/\/medical-solidarity.org\/de\/#\/schema\/logo\/image\/"},"sameAs":["https:\/\/www.facebook.com\/medicalvolunteersinternational\/","https:\/\/x.com\/MVI_Greece","https:\/\/www.instagram.com\/mvi_greece\/"]}]}},"_links":{"self":[{"href":"https:\/\/medical-solidarity.org\/de\/wp-json\/wp\/v2\/pages\/1028","targetHints":{"allow":["GET"]}}],"collection":[{"href":"https:\/\/medical-solidarity.org\/de\/wp-json\/wp\/v2\/pages"}],"about":[{"href":"https:\/\/medical-solidarity.org\/de\/wp-json\/wp\/v2\/types\/page"}],"author":[{"embeddable":true,"href":"https:\/\/medical-solidarity.org\/de\/wp-json\/wp\/v2\/users\/48"}],"replies":[{"embeddable":true,"href":"https:\/\/medical-solidarity.org\/de\/wp-json\/wp\/v2\/comments?post=1028"}],"version-history":[{"count":11,"href":"https:\/\/medical-solidarity.org\/de\/wp-json\/wp\/v2\/pages\/1028\/revisions"}],"predecessor-version":[{"id":187744,"href":"https:\/\/medical-solidarity.org\/de\/wp-json\/wp\/v2\/pages\/1028\/revisions\/187744"}],"wp:attachment":[{"href":"https:\/\/medical-solidarity.org\/de\/wp-json\/wp\/v2\/media?parent=1028"}],"curies":[{"name":"wp","href":"https:\/\/api.w.org\/{rel}","templated":true}]}}