{"id":1032,"date":"2018-12-02T21:57:41","date_gmt":"2018-12-02T20:57:41","guid":{"rendered":"https:\/\/medical-volunteers.org\/?page_id=1032"},"modified":"2025-10-02T10:03:42","modified_gmt":"2025-10-02T08:03:42","slug":"verhaltenskodex-2","status":"publish","type":"page","link":"https:\/\/medical-solidarity.org\/de\/verhaltenskodex-2\/","title":{"rendered":"Verhaltenskodex"},"content":{"rendered":"<div id='av_section_1'  class='avia-section av-jp79wfnq-277aa2e6704f8d8815e130d7f4a21055 main_color avia-section-large avia-no-border-styling  avia-builder-el-0  avia-builder-el-no-sibling  avia-bg-style-scroll container_wrap fullsize'  ><div class='container av-section-cont-open' ><main  role=\"main\" itemprop=\"mainContentOfPage\"  class='template-page content  av-content-full alpha units'><div class='post-entry post-entry-type-page post-entry-1032'><div class='entry-content-wrapper clearfix'>\n\n<style type=\"text\/css\" data-created_by=\"avia_inline_auto\" id=\"style-css-av-jp7ddt10-95fda288f2d8f35732d468d2119b54c1\">\n#top .av-special-heading.av-jp7ddt10-95fda288f2d8f35732d468d2119b54c1{\npadding-bottom:10px;\n}\nbody .av-special-heading.av-jp7ddt10-95fda288f2d8f35732d468d2119b54c1 .av-special-heading-tag .heading-char{\nfont-size:25px;\n}\n.av-special-heading.av-jp7ddt10-95fda288f2d8f35732d468d2119b54c1 .av-subheading{\nfont-size:15px;\n}\n<\/style>\n<div  class='av-special-heading av-jp7ddt10-95fda288f2d8f35732d468d2119b54c1 av-special-heading-h2 blockquote modern-quote  avia-builder-el-1  el_before_av_textblock  avia-builder-el-first  av-linked-heading'><h2 class='av-special-heading-tag'  itemprop=\"headline\"  >MSI &#8211; Verhaltenskodex<\/h2><div class=\"special-heading-border\"><div class=\"special-heading-inner-border\"><\/div><\/div><\/div>\n<section  class='av_textblock_section av-jp7a01pj-e41ff88194dddf114eb773743cad3697 '   itemscope=\"itemscope\" itemtype=\"https:\/\/schema.org\/CreativeWork\" ><div class='avia_textblock'  itemprop=\"text\" ><p>Im Einklang mit Vision und Werten ist Medical Solidarity International verpflichtet ein H\u00f6chstma\u00df an ethischem Verhalten aufrechtzuerhalten. Diese Richtlinien enthalten die wichtigsten Grunds\u00e4tze der Berufsethik, der Integrit\u00e4t, der Vertretungsbefugnis und des Schutzes.<\/p>\n<p>Die F\u00e4higkeit von Medical Solidarity International, den Erfolg von Projekten zu gew\u00e4hrleisten, h\u00e4ngt ab von der F\u00e4higkeit seiner Mitarbeiter, die h\u00f6chsten Standards ethischen und professionellen Verhaltens aufrechtzuerhalten und zu f\u00f6rdern.<\/p>\n<p>Der MSI-Verhaltenskodex enth\u00e4lt die Werte und Regeln, nach denen Medical Solidarity International und seine Mitarbeiter handeln sollen, um die notwendigen Verhaltensstandards aufrechtzuerhalten und zu sichern und um Fehlverhalten zu vermeiden.<\/p>\n<p>Die im Kodex festgelegten Regeln sollen den Respekt und die Sicherheit der von Krisen betroffenen Menschen und Gemeinschaften, mit denen Medical Solidarity International in Kontakt kommt und Hilfe leistet, gew\u00e4hrleisten, unsere Mitarbeiter sch\u00fctzen und ein positives Image von Medical Solidarity International vermitteln, um die Wirksamkeit und Integrit\u00e4t unserer Arbeit zu garantieren.<\/p>\n<p>Download PDF Code of Conduct hier:<\/p>\n<\/div><\/section>\n\n<style type=\"text\/css\" data-created_by=\"avia_inline_auto\" id=\"style-css-av-lsx270dk-4943448a5a31dc46216c389bc30ade2f\">\n.av_font_icon.av-lsx270dk-4943448a5a31dc46216c389bc30ade2f{\ncolor:#e7393c;\nborder-color:#e7393c;\n}\n.av_font_icon.av-lsx270dk-4943448a5a31dc46216c389bc30ade2f .av-icon-char{\nfont-size:60px;\nline-height:60px;\n}\n<\/style>\n<span  class='av_font_icon av-lsx270dk-4943448a5a31dc46216c389bc30ade2f avia_animate_when_visible av-icon-style- avia-icon-pos-left avia-icon-animate'><a href='https:\/\/medical-volunteers.org\/code_of_conduct_mvi_2024_en.pdf' target=\"_blank\" rel=\"noopener noreferrer\" class='av-icon-char' aria-hidden='true' data-av_icon='\ue945' data-av_iconfont='font-awesome-icons' data-avia-icon-tooltip=\"\nCode of Conduct (PDF 206 KB)&lt;br \/&gt;\n\"><\/a><\/span>\n\n","protected":false},"excerpt":{"rendered":"","protected":false},"author":48,"featured_media":0,"parent":0,"menu_order":11,"comment_status":"closed","ping_status":"closed","template":"","meta":{"footnotes":""},"class_list":["post-1032","page","type-page","status-publish","hentry"],"yoast_head":"<!-- This site is optimized with the Yoast SEO plugin v27.4 - https:\/\/yoast.com\/product\/yoast-seo-wordpress\/ -->\n<title>Verhaltenskodex &#8212; Medical Solidarity International<\/title>\n<meta name=\"robots\" content=\"index, follow, max-snippet:-1, max-image-preview:large, max-video-preview:-1\" \/>\n<link rel=\"canonical\" href=\"https:\/\/medical-solidarity.org\/de\/verhaltenskodex-2\/\" \/>\n<meta property=\"og:locale\" content=\"de_DE\" \/>\n<meta property=\"og:type\" content=\"article\" \/>\n<meta property=\"og:title\" content=\"Verhaltenskodex &#8212; Medical Solidarity International\" \/>\n<meta property=\"og:url\" content=\"https:\/\/medical-solidarity.org\/de\/verhaltenskodex-2\/\" \/>\n<meta property=\"og:site_name\" content=\"Medical Solidarity International\" \/>\n<meta property=\"article:publisher\" content=\"https:\/\/www.facebook.com\/medicalvolunteersinternational\/\" \/>\n<meta property=\"article:modified_time\" content=\"2025-10-02T08:03:42+00:00\" \/>\n<meta name=\"twitter:card\" content=\"summary_large_image\" \/>\n<meta name=\"twitter:site\" content=\"@MVI_Greece\" \/>\n<meta name=\"twitter:label1\" content=\"Gesch\u00e4tzte Lesezeit\" \/>\n\t<meta name=\"twitter:data1\" content=\"1\u00a0Minute\" \/>\n<script type=\"application\/ld+json\" class=\"yoast-schema-graph\">{\"@context\":\"https:\\\/\\\/schema.org\",\"@graph\":[{\"@type\":\"WebPage\",\"@id\":\"https:\\\/\\\/medical-solidarity.org\\\/de\\\/verhaltenskodex-2\\\/\",\"url\":\"https:\\\/\\\/medical-solidarity.org\\\/de\\\/verhaltenskodex-2\\\/\",\"name\":\"Verhaltenskodex &#8212; Medical Solidarity International\",\"isPartOf\":{\"@id\":\"https:\\\/\\\/medical-solidarity.org\\\/de\\\/#website\"},\"datePublished\":\"2018-12-02T20:57:41+00:00\",\"dateModified\":\"2025-10-02T08:03:42+00:00\",\"breadcrumb\":{\"@id\":\"https:\\\/\\\/medical-solidarity.org\\\/de\\\/verhaltenskodex-2\\\/#breadcrumb\"},\"inLanguage\":\"de\",\"potentialAction\":[{\"@type\":\"ReadAction\",\"target\":[\"https:\\\/\\\/medical-solidarity.org\\\/de\\\/verhaltenskodex-2\\\/\"]}]},{\"@type\":\"BreadcrumbList\",\"@id\":\"https:\\\/\\\/medical-solidarity.org\\\/de\\\/verhaltenskodex-2\\\/#breadcrumb\",\"itemListElement\":[{\"@type\":\"ListItem\",\"position\":1,\"name\":\"Home\",\"item\":\"https:\\\/\\\/medical-solidarity.org\\\/de\\\/medical-volunteers-2\\\/\"},{\"@type\":\"ListItem\",\"position\":2,\"name\":\"Verhaltenskodex\"}]},{\"@type\":\"WebSite\",\"@id\":\"https:\\\/\\\/medical-solidarity.org\\\/de\\\/#website\",\"url\":\"https:\\\/\\\/medical-solidarity.org\\\/de\\\/\",\"name\":\"Medical Solidarity International\",\"description\":\"\",\"publisher\":{\"@id\":\"https:\\\/\\\/medical-solidarity.org\\\/de\\\/#organization\"},\"potentialAction\":[{\"@type\":\"SearchAction\",\"target\":{\"@type\":\"EntryPoint\",\"urlTemplate\":\"https:\\\/\\\/medical-solidarity.org\\\/de\\\/?s={search_term_string}\"},\"query-input\":{\"@type\":\"PropertyValueSpecification\",\"valueRequired\":true,\"valueName\":\"search_term_string\"}}],\"inLanguage\":\"de\"},{\"@type\":\"Organization\",\"@id\":\"https:\\\/\\\/medical-solidarity.org\\\/de\\\/#organization\",\"name\":\"Medical Solidarity International\",\"url\":\"https:\\\/\\\/medical-solidarity.org\\\/de\\\/\",\"logo\":{\"@type\":\"ImageObject\",\"inLanguage\":\"de\",\"@id\":\"https:\\\/\\\/medical-solidarity.org\\\/de\\\/#\\\/schema\\\/logo\\\/image\\\/\",\"url\":\"https:\\\/\\\/medical-solidarity.org\\\/wp-content\\\/uploads\\\/2025\\\/10\\\/Logo-rot-schwarz.png\",\"contentUrl\":\"https:\\\/\\\/medical-solidarity.org\\\/wp-content\\\/uploads\\\/2025\\\/10\\\/Logo-rot-schwarz.png\",\"width\":1421,\"height\":1500,\"caption\":\"Medical Solidarity International\"},\"image\":{\"@id\":\"https:\\\/\\\/medical-solidarity.org\\\/de\\\/#\\\/schema\\\/logo\\\/image\\\/\"},\"sameAs\":[\"https:\\\/\\\/www.facebook.com\\\/medicalvolunteersinternational\\\/\",\"https:\\\/\\\/x.com\\\/MVI_Greece\",\"https:\\\/\\\/www.instagram.com\\\/mvi_greece\\\/\"]}]}<\/script>\n<!-- \/ Yoast SEO plugin. -->","yoast_head_json":{"title":"Verhaltenskodex &#8212; Medical Solidarity International","robots":{"index":"index","follow":"follow","max-snippet":"max-snippet:-1","max-image-preview":"max-image-preview:large","max-video-preview":"max-video-preview:-1"},"canonical":"https:\/\/medical-solidarity.org\/de\/verhaltenskodex-2\/","og_locale":"de_DE","og_type":"article","og_title":"Verhaltenskodex &#8212; Medical Solidarity International","og_url":"https:\/\/medical-solidarity.org\/de\/verhaltenskodex-2\/","og_site_name":"Medical Solidarity International","article_publisher":"https:\/\/www.facebook.com\/medicalvolunteersinternational\/","article_modified_time":"2025-10-02T08:03:42+00:00","twitter_card":"summary_large_image","twitter_site":"@MVI_Greece","twitter_misc":{"Gesch\u00e4tzte Lesezeit":"1\u00a0Minute"},"schema":{"@context":"https:\/\/schema.org","@graph":[{"@type":"WebPage","@id":"https:\/\/medical-solidarity.org\/de\/verhaltenskodex-2\/","url":"https:\/\/medical-solidarity.org\/de\/verhaltenskodex-2\/","name":"Verhaltenskodex &#8212; Medical Solidarity International","isPartOf":{"@id":"https:\/\/medical-solidarity.org\/de\/#website"},"datePublished":"2018-12-02T20:57:41+00:00","dateModified":"2025-10-02T08:03:42+00:00","breadcrumb":{"@id":"https:\/\/medical-solidarity.org\/de\/verhaltenskodex-2\/#breadcrumb"},"inLanguage":"de","potentialAction":[{"@type":"ReadAction","target":["https:\/\/medical-solidarity.org\/de\/verhaltenskodex-2\/"]}]},{"@type":"BreadcrumbList","@id":"https:\/\/medical-solidarity.org\/de\/verhaltenskodex-2\/#breadcrumb","itemListElement":[{"@type":"ListItem","position":1,"name":"Home","item":"https:\/\/medical-solidarity.org\/de\/medical-volunteers-2\/"},{"@type":"ListItem","position":2,"name":"Verhaltenskodex"}]},{"@type":"WebSite","@id":"https:\/\/medical-solidarity.org\/de\/#website","url":"https:\/\/medical-solidarity.org\/de\/","name":"Medical Solidarity International","description":"","publisher":{"@id":"https:\/\/medical-solidarity.org\/de\/#organization"},"potentialAction":[{"@type":"SearchAction","target":{"@type":"EntryPoint","urlTemplate":"https:\/\/medical-solidarity.org\/de\/?s={search_term_string}"},"query-input":{"@type":"PropertyValueSpecification","valueRequired":true,"valueName":"search_term_string"}}],"inLanguage":"de"},{"@type":"Organization","@id":"https:\/\/medical-solidarity.org\/de\/#organization","name":"Medical Solidarity International","url":"https:\/\/medical-solidarity.org\/de\/","logo":{"@type":"ImageObject","inLanguage":"de","@id":"https:\/\/medical-solidarity.org\/de\/#\/schema\/logo\/image\/","url":"https:\/\/medical-solidarity.org\/wp-content\/uploads\/2025\/10\/Logo-rot-schwarz.png","contentUrl":"https:\/\/medical-solidarity.org\/wp-content\/uploads\/2025\/10\/Logo-rot-schwarz.png","width":1421,"height":1500,"caption":"Medical Solidarity International"},"image":{"@id":"https:\/\/medical-solidarity.org\/de\/#\/schema\/logo\/image\/"},"sameAs":["https:\/\/www.facebook.com\/medicalvolunteersinternational\/","https:\/\/x.com\/MVI_Greece","https:\/\/www.instagram.com\/mvi_greece\/"]}]}},"_links":{"self":[{"href":"https:\/\/medical-solidarity.org\/de\/wp-json\/wp\/v2\/pages\/1032","targetHints":{"allow":["GET"]}}],"collection":[{"href":"https:\/\/medical-solidarity.org\/de\/wp-json\/wp\/v2\/pages"}],"about":[{"href":"https:\/\/medical-solidarity.org\/de\/wp-json\/wp\/v2\/types\/page"}],"author":[{"embeddable":true,"href":"https:\/\/medical-solidarity.org\/de\/wp-json\/wp\/v2\/users\/48"}],"replies":[{"embeddable":true,"href":"https:\/\/medical-solidarity.org\/de\/wp-json\/wp\/v2\/comments?post=1032"}],"version-history":[{"count":11,"href":"https:\/\/medical-solidarity.org\/de\/wp-json\/wp\/v2\/pages\/1032\/revisions"}],"predecessor-version":[{"id":187554,"href":"https:\/\/medical-solidarity.org\/de\/wp-json\/wp\/v2\/pages\/1032\/revisions\/187554"}],"wp:attachment":[{"href":"https:\/\/medical-solidarity.org\/de\/wp-json\/wp\/v2\/media?parent=1032"}],"curies":[{"name":"wp","href":"https:\/\/api.w.org\/{rel}","templated":true}]}}