{"id":12048,"date":"2022-12-05T22:38:59","date_gmt":"2022-12-05T21:38:59","guid":{"rendered":"https:\/\/medical-volunteers.org\/?page_id=12048"},"modified":"2024-09-10T18:09:44","modified_gmt":"2024-09-10T16:09:44","slug":"spendenshop","status":"publish","type":"page","link":"https:\/\/medical-solidarity.org\/de\/spendenshop\/","title":{"rendered":"Spendenshop"},"content":{"rendered":"\n<style type=\"text\/css\" data-created_by=\"avia_inline_auto\" id=\"style-css-av-lbfgjdsc-c9206618f35d3c0b57e38dd306312cff\">\n.avia-section.av-lbfgjdsc-c9206618f35d3c0b57e38dd306312cff .av-parallax .av-parallax-inner{\nbackground-repeat:no-repeat;\nbackground-image:url(https:\/\/medical-solidarity.org\/wp-content\/uploads\/2024\/09\/slider_shadow.jpg);\nbackground-position:0% 0%;\nbackground-attachment:scroll;\n}\n.avia-section.av-lbfgjdsc-c9206618f35d3c0b57e38dd306312cff .av-section-color-overlay{\nopacity:0.2;\nbackground-color:#000000;\n}\n<\/style>\n<div id='av_section_1'  class='avia-section av-lbfgjdsc-c9206618f35d3c0b57e38dd306312cff main_color avia-section-huge avia-no-border-styling  avia-builder-el-0  el_before_av_section  avia-builder-el-first  avia-full-stretch av-parallax-section avia-bg-style-parallax av-section-color-overlay-active av-minimum-height av-minimum-height-25 av-height-25  container_wrap fullsize'  data-section-bg-repeat='stretch' data-av_minimum_height_pc='25' data-av_min_height_opt='25'><div class='av-parallax' data-avia-parallax-ratio='0.3' ><div class='av-parallax-inner main_color avia-full-stretch'><\/div><\/div><div class=\"av-section-color-overlay-wrap\"><div class=\"av-section-color-overlay\"><\/div><div class='container av-section-cont-open' ><main  role=\"main\" itemprop=\"mainContentOfPage\"  class='template-page content  av-content-full alpha units'><div class='post-entry post-entry-type-page post-entry-12048'><div class='entry-content-wrapper clearfix'>\n\n<style type=\"text\/css\" data-created_by=\"avia_inline_auto\" id=\"style-css-av-av_one_fifth-25347b0a799d5b9f7058434b2a9c3182\">\n.flex_column.av-av_one_fifth-25347b0a799d5b9f7058434b2a9c3182{\nborder-radius:0px 0px 0px 0px;\npadding:0px 0px 0px 0px;\n}\n<\/style>\n<div  class='flex_column av-av_one_fifth-25347b0a799d5b9f7058434b2a9c3182 av_one_fifth  avia-builder-el-1  el_before_av_three_fifth  avia-builder-el-first  first flex_column_div av-zero-column-padding  '     ><\/div>\n<style type=\"text\/css\" data-created_by=\"avia_inline_auto\" id=\"style-css-av-av_three_fifth-61e0e9e81b38c81aa0bb56ff7371cd29\">\n.flex_column.av-av_three_fifth-61e0e9e81b38c81aa0bb56ff7371cd29{\nborder-radius:0px 0px 0px 0px;\npadding:0px 0px 0px 0px;\n}\n<\/style>\n<div  class='flex_column av-av_three_fifth-61e0e9e81b38c81aa0bb56ff7371cd29 av_three_fifth  avia-builder-el-2  el_after_av_one_fifth  el_before_av_one_fifth  flex_column_div av-animated-generic fade-in av-zero-column-padding  '     ><style type=\"text\/css\" data-created_by=\"avia_inline_auto\" id=\"style-css-av-lbfgjs4c-1fd8c0e1a44eddd7698c4bedf779535e\">\n#top .av-special-heading.av-lbfgjs4c-1fd8c0e1a44eddd7698c4bedf779535e{\npadding-bottom:10px;\ncolor:#ffffff;\nfont-size:50px;\n}\nbody .av-special-heading.av-lbfgjs4c-1fd8c0e1a44eddd7698c4bedf779535e .av-special-heading-tag .heading-char{\nfont-size:25px;\n}\n#top #wrap_all .av-special-heading.av-lbfgjs4c-1fd8c0e1a44eddd7698c4bedf779535e .av-special-heading-tag{\nfont-size:50px;\n}\n.av-special-heading.av-lbfgjs4c-1fd8c0e1a44eddd7698c4bedf779535e .special-heading-inner-border{\nborder-color:#ffffff;\n}\n.av-special-heading.av-lbfgjs4c-1fd8c0e1a44eddd7698c4bedf779535e .av-subheading{\nfont-size:25px;\n}\n\n@media only screen and (min-width: 480px) and (max-width: 767px){ \n#top #wrap_all .av-special-heading.av-lbfgjs4c-1fd8c0e1a44eddd7698c4bedf779535e .av-special-heading-tag{\nfont-size:0.8em;\n}\n}\n\n@media only screen and (max-width: 479px){ \n#top #wrap_all .av-special-heading.av-lbfgjs4c-1fd8c0e1a44eddd7698c4bedf779535e .av-special-heading-tag{\nfont-size:0.8em;\n}\n}\n<\/style>\n<div  class='av-special-heading av-lbfgjs4c-1fd8c0e1a44eddd7698c4bedf779535e av-special-heading-h1 custom-color-heading blockquote modern-quote modern-centered  avia-builder-el-3  avia-builder-el-no-sibling  av-inherit-size av-linked-heading'><div class='av_custom_color av-subheading av-subheading_above'><p>Verschenke eine Spende<\/p>\n<\/div><h1 class='av-special-heading-tag'  itemprop=\"headline\"  >Grenzenlose Geschenkideen<\/h1><div class=\"special-heading-border\"><div class=\"special-heading-inner-border\"><\/div><\/div><\/div><\/div>\n<style type=\"text\/css\" data-created_by=\"avia_inline_auto\" id=\"style-css-av-av_one_fifth-f7c1061df29de8cca6b42fcf455fe4a0\">\n.flex_column.av-av_one_fifth-f7c1061df29de8cca6b42fcf455fe4a0{\nborder-radius:0px 0px 0px 0px;\npadding:0px 0px 0px 0px;\n}\n<\/style>\n<div  class='flex_column av-av_one_fifth-f7c1061df29de8cca6b42fcf455fe4a0 av_one_fifth  avia-builder-el-4  el_after_av_three_fifth  avia-builder-el-last  flex_column_div av-zero-column-padding  '     ><\/div>\n\n<\/div><\/div><\/main><!-- close content main element --><\/div><\/div><\/div><div id='donate'  class='avia-section av-jo631swv-e9eb12f93f530d5afb9938f79e144511 main_color avia-section-large avia-no-border-styling  avia-builder-el-5  el_after_av_section  el_before_av_section  avia-bg-style-parallax av-minimum-height av-minimum-height-50 av-height-50  container_wrap fullsize'   data-av_minimum_height_pc='50' data-av_min_height_opt='50'><div class='container av-section-cont-open' ><div class='template-page content  av-content-full alpha units'><div class='post-entry post-entry-type-page post-entry-12048'><div class='entry-content-wrapper clearfix'>\n\n<style type=\"text\/css\" data-created_by=\"avia_inline_auto\" id=\"style-css-av-32zokcv-f1257fe230a51cc81fa1d4cd7c9d3d5b\">\n.flex_column.av-32zokcv-f1257fe230a51cc81fa1d4cd7c9d3d5b{\nborder-radius:0px 0px 0px 0px;\npadding:0px 0px 0px 0px;\n}\n<\/style>\n<div  class='flex_column av-32zokcv-f1257fe230a51cc81fa1d4cd7c9d3d5b av_one_full  avia-builder-el-6  el_before_av_one_full  avia-builder-el-first  first flex_column_div av-zero-column-padding  '     ><\/div>\n<style type=\"text\/css\" data-created_by=\"avia_inline_auto\" id=\"style-css-av-1z9rsrz-2f0607b95e7771dfe0b0dc0094bdc418\">\n.flex_column.av-1z9rsrz-2f0607b95e7771dfe0b0dc0094bdc418{\nborder-radius:0px 0px 0px 0px;\npadding:0px 0px 0px 0px;\n}\n<\/style>\n<div  class='flex_column av-1z9rsrz-2f0607b95e7771dfe0b0dc0094bdc418 av_one_full  avia-builder-el-7  el_after_av_one_full  el_before_av_one_full  first flex_column_div av-zero-column-padding  column-top-margin'     ><section  class='av_textblock_section av-1m28vwv-c3290b94cf3d84b2e78208eb373ef3b8 '   itemscope=\"itemscope\" itemtype=\"https:\/\/schema.org\/CreativeWork\" ><div class='avia_textblock'  itemprop=\"text\" ><blockquote>\n<p style=\"text-align: center;\"><em><span style=\"color: #000000;\"><strong>Du suchst ein pers\u00f6nliches und nachhaltig-soziales Geschenk?<\/strong><br \/>\n<\/span><\/em><span style=\"color: #000000;\"> Wir haben da eine Idee.<\/span><\/p>\n<p style=\"text-align: center;\"><span style=\"color: #000000;\">In unserem Spendenshop kannst du mit wenigen Klicks unsere Arbeit, die medizinische Versorgung f\u00fcr Menschen auf der Flucht, unterst\u00fctzen. Daf\u00fcr bekommst du eine sch\u00f6ne Geschenkurkunde zum Ausdrucken zu Hause oder zum digitalen Versenden und Anderen eine Freude bereiten.<\/span><\/p>\n<p style=\"text-align: center;\"><span style=\"color: #000000;\">Du kannst zwischen verschiedenen Geschenken w\u00e4hlen oder einen frei w\u00e4hlbaren Betrag aussuchen und in wenigen Schritten erh\u00e4ltst du deine Urkunde sofort per E-Mail. <\/span><\/p>\n<p style=\"text-align: center;\"><span style=\"color: #000000;\">Um unsere Arbeit, die dringend notwendige medizinische Versorgung von Menschen in Not, weiterzuf\u00fchren, sind wir auf Spenden angewiesen.<br \/>\n<\/span><\/p>\n<\/blockquote>\n<\/div><\/section><\/div><div  class='flex_column av-rxj8vj-0b36cad94a4ba89b97168193d1334d9f av_one_full  avia-builder-el-9  el_after_av_one_full  avia-builder-el-last  first flex_column_div  column-top-margin'     ><\/div>\n\n<\/div><\/div><\/div><!-- close content main div --><\/div><\/div><div id='av_section_3'  class='avia-section av-av_section-8c038a69d7b065b313c8996090138e7a main_color avia-section-default avia-no-border-styling  avia-builder-el-11  el_after_av_section  avia-builder-el-last  avia-bg-style-scroll container_wrap fullsize'  ><div class='container av-section-cont-open' ><div class='template-page content  av-content-full alpha units'><div class='post-entry post-entry-type-page post-entry-12048'><div class='entry-content-wrapper clearfix'>\n<div  class='flex_column av-av_one_half-41ee899840124b6993b57a87f996c353 av_one_half  avia-builder-el-12  el_before_av_one_half  avia-builder-el-first  first flex_column_div  '     ><p>\n<style type=\"text\/css\" data-created_by=\"avia_inline_auto\" id=\"style-css-av-lsetz921-18513093b540fb3187a406e26df704d9\">\n#top .av-special-heading.av-lsetz921-18513093b540fb3187a406e26df704d9{\npadding-bottom:10px;\n}\nbody .av-special-heading.av-lsetz921-18513093b540fb3187a406e26df704d9 .av-special-heading-tag .heading-char{\nfont-size:25px;\n}\n.av-special-heading.av-lsetz921-18513093b540fb3187a406e26df704d9 .av-subheading{\nfont-size:15px;\n}\n<\/style>\n<div  class='av-special-heading av-lsetz921-18513093b540fb3187a406e26df704d9 av-special-heading-h2 blockquote modern-quote  avia-builder-el-13  el_before_av_textblock  avia-builder-el-first '><div class='av-subheading av-subheading_above'><p>Jede Spende hilft!<\/p>\n<\/div><h2 class='av-special-heading-tag'  itemprop=\"headline\"  >Jetzt spenden!<\/h2><div class=\"special-heading-border\"><div class=\"special-heading-inner-border\"><\/div><\/div><\/div><br \/>\n<section  class='av_textblock_section av-lsetzqp0-55722c16fe8a255b12f720a7f4d9d896 '   itemscope=\"itemscope\" itemtype=\"https:\/\/schema.org\/CreativeWork\" ><div class='avia_textblock'  itemprop=\"text\" ><p>Warum Spenden? Wir sind auf Spenden angewiesen, um medizinische Ausstattung und Medikamente beschaffen zu k\u00f6nnen. Unsere Verwaltungskosten halten wir dabei so niedrig wie m\u00f6glich. Mit deiner Hilfe erm\u00f6glichen wir einzigartige und lebensnotwendige medizinische Notversorgung f\u00fcr notleidende Menschen. Etwa die H\u00e4lfte unserer Patient*innen sind nicht registrierte Gefl\u00fcchtete und w\u00fcrden ohne unsere gemeinsame Hilfe medizinisch unterversorgt bleiben. Deshalb ist deine Spende so wichtig.<\/p>\n<\/div><\/section><\/p><\/div><div  class='flex_column av-av_one_half-58a6369d5c19d308284fa729d91312fa av_one_half  avia-builder-el-15  el_after_av_one_half  el_before_av_one_half  flex_column_div  '     ><\/div>\n<style type=\"text\/css\" data-created_by=\"avia_inline_auto\" id=\"style-css-av-fojxt-47172a30c228c10eb7ee884ef038f0f8\">\n.flex_column.av-fojxt-47172a30c228c10eb7ee884ef038f0f8{\nborder-radius:0px 0px 0px 0px;\npadding:0px 0px 0px 0px;\n}\n<\/style>\n<div  class='flex_column av-fojxt-47172a30c228c10eb7ee884ef038f0f8 av_one_half  avia-builder-el-17  el_after_av_one_half  el_before_av_one_half  first flex_column_div av-zero-column-padding  column-top-margin'     ><section  class='av_textblock_section av-jqfikxwi-c53c90575d768ce756443a3b603f557c '   itemscope=\"itemscope\" itemtype=\"https:\/\/schema.org\/CreativeWork\" ><div class='avia_textblock'  itemprop=\"text\" ><p><b>Spendenkonto<\/b><\/p>\n<p>Medical Volunteers International e.V.<br \/>\nIBAN DE08430609672076077900<br \/>\nBIC GENODEM1GLS<br \/>\nGLS BANK<\/p>\n<\/div><\/section><\/div>\n<style type=\"text\/css\" data-created_by=\"avia_inline_auto\" id=\"style-css-av-9o84p-c5cb4ee0f917030642677312d91a534a\">\n.flex_column.av-9o84p-c5cb4ee0f917030642677312d91a534a{\nborder-radius:0px 0px 0px 0px;\npadding:0px 0px 0px 0px;\n}\n<\/style>\n<div  class='flex_column av-9o84p-c5cb4ee0f917030642677312d91a534a av_one_half  avia-builder-el-19  el_after_av_one_half  avia-builder-el-last  flex_column_div av-zero-column-padding  column-top-margin'     ><section  class='av_textblock_section av-jqfinc4m-b0d810daa46d38a43d6a3a79b48234a8 '   itemscope=\"itemscope\" itemtype=\"https:\/\/schema.org\/CreativeWork\" ><div class='avia_textblock'  itemprop=\"text\" ><p><b>Spenden per Paypal<\/b><\/p>\n<p>Bitte nutze das Tool der GLS Bank (oben) und hinterlass deine Emailadresse, damit wir deine Spende richtig zuordnen k\u00f6nnen.<br \/>\nDanke!<\/p>\n<\/div><\/section><\/div>\n\n","protected":false},"excerpt":{"rendered":"","protected":false},"author":37,"featured_media":0,"parent":0,"menu_order":9,"comment_status":"closed","ping_status":"closed","template":"","meta":{"footnotes":""},"class_list":["post-12048","page","type-page","status-publish","hentry"],"yoast_head":"<!-- This site is optimized with the Yoast SEO plugin v27.4 - https:\/\/yoast.com\/product\/yoast-seo-wordpress\/ -->\n<title>Spendenshop &#8212; Medical Solidarity International<\/title>\n<meta name=\"robots\" content=\"index, follow, max-snippet:-1, max-image-preview:large, max-video-preview:-1\" \/>\n<link rel=\"canonical\" href=\"https:\/\/medical-solidarity.org\/de\/spendenshop\/\" \/>\n<meta property=\"og:locale\" content=\"de_DE\" \/>\n<meta property=\"og:type\" content=\"article\" \/>\n<meta property=\"og:title\" content=\"Spendenshop &#8212; Medical Solidarity International\" \/>\n<meta property=\"og:url\" content=\"https:\/\/medical-solidarity.org\/de\/spendenshop\/\" \/>\n<meta property=\"og:site_name\" content=\"Medical Solidarity International\" \/>\n<meta property=\"article:publisher\" content=\"https:\/\/www.facebook.com\/medicalvolunteersinternational\/\" \/>\n<meta property=\"article:modified_time\" content=\"2024-09-10T16:09:44+00:00\" \/>\n<meta name=\"twitter:card\" content=\"summary_large_image\" \/>\n<meta name=\"twitter:site\" content=\"@MVI_Greece\" \/>\n<meta name=\"twitter:label1\" content=\"Gesch\u00e4tzte Lesezeit\" \/>\n\t<meta name=\"twitter:data1\" content=\"1\u00a0Minute\" \/>\n<script type=\"application\/ld+json\" class=\"yoast-schema-graph\">{\"@context\":\"https:\\\/\\\/schema.org\",\"@graph\":[{\"@type\":\"WebPage\",\"@id\":\"https:\\\/\\\/medical-solidarity.org\\\/de\\\/spendenshop\\\/\",\"url\":\"https:\\\/\\\/medical-solidarity.org\\\/de\\\/spendenshop\\\/\",\"name\":\"Spendenshop &#8212; Medical Solidarity International\",\"isPartOf\":{\"@id\":\"https:\\\/\\\/medical-solidarity.org\\\/de\\\/#website\"},\"datePublished\":\"2022-12-05T21:38:59+00:00\",\"dateModified\":\"2024-09-10T16:09:44+00:00\",\"breadcrumb\":{\"@id\":\"https:\\\/\\\/medical-solidarity.org\\\/de\\\/spendenshop\\\/#breadcrumb\"},\"inLanguage\":\"de\",\"potentialAction\":[{\"@type\":\"ReadAction\",\"target\":[\"https:\\\/\\\/medical-solidarity.org\\\/de\\\/spendenshop\\\/\"]}]},{\"@type\":\"BreadcrumbList\",\"@id\":\"https:\\\/\\\/medical-solidarity.org\\\/de\\\/spendenshop\\\/#breadcrumb\",\"itemListElement\":[{\"@type\":\"ListItem\",\"position\":1,\"name\":\"Home\",\"item\":\"https:\\\/\\\/medical-solidarity.org\\\/de\\\/medical-volunteers-2\\\/\"},{\"@type\":\"ListItem\",\"position\":2,\"name\":\"Spendenshop\"}]},{\"@type\":\"WebSite\",\"@id\":\"https:\\\/\\\/medical-solidarity.org\\\/de\\\/#website\",\"url\":\"https:\\\/\\\/medical-solidarity.org\\\/de\\\/\",\"name\":\"Medical Solidarity International\",\"description\":\"\",\"publisher\":{\"@id\":\"https:\\\/\\\/medical-solidarity.org\\\/de\\\/#organization\"},\"potentialAction\":[{\"@type\":\"SearchAction\",\"target\":{\"@type\":\"EntryPoint\",\"urlTemplate\":\"https:\\\/\\\/medical-solidarity.org\\\/de\\\/?s={search_term_string}\"},\"query-input\":{\"@type\":\"PropertyValueSpecification\",\"valueRequired\":true,\"valueName\":\"search_term_string\"}}],\"inLanguage\":\"de\"},{\"@type\":\"Organization\",\"@id\":\"https:\\\/\\\/medical-solidarity.org\\\/de\\\/#organization\",\"name\":\"Medical Solidarity International\",\"url\":\"https:\\\/\\\/medical-solidarity.org\\\/de\\\/\",\"logo\":{\"@type\":\"ImageObject\",\"inLanguage\":\"de\",\"@id\":\"https:\\\/\\\/medical-solidarity.org\\\/de\\\/#\\\/schema\\\/logo\\\/image\\\/\",\"url\":\"https:\\\/\\\/medical-solidarity.org\\\/wp-content\\\/uploads\\\/2025\\\/10\\\/Logo-rot-schwarz.png\",\"contentUrl\":\"https:\\\/\\\/medical-solidarity.org\\\/wp-content\\\/uploads\\\/2025\\\/10\\\/Logo-rot-schwarz.png\",\"width\":1421,\"height\":1500,\"caption\":\"Medical Solidarity International\"},\"image\":{\"@id\":\"https:\\\/\\\/medical-solidarity.org\\\/de\\\/#\\\/schema\\\/logo\\\/image\\\/\"},\"sameAs\":[\"https:\\\/\\\/www.facebook.com\\\/medicalvolunteersinternational\\\/\",\"https:\\\/\\\/x.com\\\/MVI_Greece\",\"https:\\\/\\\/www.instagram.com\\\/mvi_greece\\\/\"]}]}<\/script>\n<!-- \/ Yoast SEO plugin. -->","yoast_head_json":{"title":"Spendenshop &#8212; Medical Solidarity International","robots":{"index":"index","follow":"follow","max-snippet":"max-snippet:-1","max-image-preview":"max-image-preview:large","max-video-preview":"max-video-preview:-1"},"canonical":"https:\/\/medical-solidarity.org\/de\/spendenshop\/","og_locale":"de_DE","og_type":"article","og_title":"Spendenshop &#8212; Medical Solidarity International","og_url":"https:\/\/medical-solidarity.org\/de\/spendenshop\/","og_site_name":"Medical Solidarity International","article_publisher":"https:\/\/www.facebook.com\/medicalvolunteersinternational\/","article_modified_time":"2024-09-10T16:09:44+00:00","twitter_card":"summary_large_image","twitter_site":"@MVI_Greece","twitter_misc":{"Gesch\u00e4tzte Lesezeit":"1\u00a0Minute"},"schema":{"@context":"https:\/\/schema.org","@graph":[{"@type":"WebPage","@id":"https:\/\/medical-solidarity.org\/de\/spendenshop\/","url":"https:\/\/medical-solidarity.org\/de\/spendenshop\/","name":"Spendenshop &#8212; Medical Solidarity International","isPartOf":{"@id":"https:\/\/medical-solidarity.org\/de\/#website"},"datePublished":"2022-12-05T21:38:59+00:00","dateModified":"2024-09-10T16:09:44+00:00","breadcrumb":{"@id":"https:\/\/medical-solidarity.org\/de\/spendenshop\/#breadcrumb"},"inLanguage":"de","potentialAction":[{"@type":"ReadAction","target":["https:\/\/medical-solidarity.org\/de\/spendenshop\/"]}]},{"@type":"BreadcrumbList","@id":"https:\/\/medical-solidarity.org\/de\/spendenshop\/#breadcrumb","itemListElement":[{"@type":"ListItem","position":1,"name":"Home","item":"https:\/\/medical-solidarity.org\/de\/medical-volunteers-2\/"},{"@type":"ListItem","position":2,"name":"Spendenshop"}]},{"@type":"WebSite","@id":"https:\/\/medical-solidarity.org\/de\/#website","url":"https:\/\/medical-solidarity.org\/de\/","name":"Medical Solidarity International","description":"","publisher":{"@id":"https:\/\/medical-solidarity.org\/de\/#organization"},"potentialAction":[{"@type":"SearchAction","target":{"@type":"EntryPoint","urlTemplate":"https:\/\/medical-solidarity.org\/de\/?s={search_term_string}"},"query-input":{"@type":"PropertyValueSpecification","valueRequired":true,"valueName":"search_term_string"}}],"inLanguage":"de"},{"@type":"Organization","@id":"https:\/\/medical-solidarity.org\/de\/#organization","name":"Medical Solidarity International","url":"https:\/\/medical-solidarity.org\/de\/","logo":{"@type":"ImageObject","inLanguage":"de","@id":"https:\/\/medical-solidarity.org\/de\/#\/schema\/logo\/image\/","url":"https:\/\/medical-solidarity.org\/wp-content\/uploads\/2025\/10\/Logo-rot-schwarz.png","contentUrl":"https:\/\/medical-solidarity.org\/wp-content\/uploads\/2025\/10\/Logo-rot-schwarz.png","width":1421,"height":1500,"caption":"Medical Solidarity International"},"image":{"@id":"https:\/\/medical-solidarity.org\/de\/#\/schema\/logo\/image\/"},"sameAs":["https:\/\/www.facebook.com\/medicalvolunteersinternational\/","https:\/\/x.com\/MVI_Greece","https:\/\/www.instagram.com\/mvi_greece\/"]}]}},"_links":{"self":[{"href":"https:\/\/medical-solidarity.org\/de\/wp-json\/wp\/v2\/pages\/12048","targetHints":{"allow":["GET"]}}],"collection":[{"href":"https:\/\/medical-solidarity.org\/de\/wp-json\/wp\/v2\/pages"}],"about":[{"href":"https:\/\/medical-solidarity.org\/de\/wp-json\/wp\/v2\/types\/page"}],"author":[{"embeddable":true,"href":"https:\/\/medical-solidarity.org\/de\/wp-json\/wp\/v2\/users\/37"}],"replies":[{"embeddable":true,"href":"https:\/\/medical-solidarity.org\/de\/wp-json\/wp\/v2\/comments?post=12048"}],"version-history":[{"count":11,"href":"https:\/\/medical-solidarity.org\/de\/wp-json\/wp\/v2\/pages\/12048\/revisions"}],"predecessor-version":[{"id":186650,"href":"https:\/\/medical-solidarity.org\/de\/wp-json\/wp\/v2\/pages\/12048\/revisions\/186650"}],"wp:attachment":[{"href":"https:\/\/medical-solidarity.org\/de\/wp-json\/wp\/v2\/media?parent=12048"}],"curies":[{"name":"wp","href":"https:\/\/api.w.org\/{rel}","templated":true}]}}