{"id":187362,"date":"2025-09-17T12:30:58","date_gmt":"2025-09-17T10:30:58","guid":{"rendered":"https:\/\/medical-volunteers.org\/?page_id=187362"},"modified":"2025-10-01T13:02:03","modified_gmt":"2025-10-01T11:02:03","slug":"erste-hilfe-fuer-zusammenhalt","status":"publish","type":"page","link":"https:\/\/medical-solidarity.org\/de\/erste-hilfe-fuer-zusammenhalt\/","title":{"rendered":"Erste Hilfe f\u00fcr Zusammenhalt"},"content":{"rendered":"\n<style type=\"text\/css\" data-created_by=\"avia_inline_auto\" id=\"style-css-av-k8ncjcoy-867ffe0140afc8810766a77b375d7eb9\">\n.avia-section.av-k8ncjcoy-867ffe0140afc8810766a77b375d7eb9 .av-parallax .av-parallax-inner{\nbackground-repeat:no-repeat;\nbackground-image:url(https:\/\/medical-solidarity.org\/wp-content\/uploads\/2025\/09\/pexels-rdne-6519905-1500x630.jpg);\nbackground-position:50% 0%;\nbackground-attachment:scroll;\n}\n<\/style>\n<div id='av_section_1'  class='avia-section av-k8ncjcoy-867ffe0140afc8810766a77b375d7eb9 main_color avia-section-default avia-no-border-styling  avia-builder-el-0  el_before_av_section  avia-builder-el-first  avia-full-stretch av-parallax-section avia-bg-style-parallax av-minimum-height av-minimum-height-50 av-height-50  container_wrap fullsize'  data-section-bg-repeat='stretch' data-av_minimum_height_pc='50' data-av_min_height_opt='50'><div class='av-parallax' data-avia-parallax-ratio='0.3' ><div class='av-parallax-inner main_color avia-full-stretch'><\/div><\/div><div class='container av-section-cont-open' ><main  role=\"main\" itemprop=\"mainContentOfPage\"  class='template-page content  av-content-full alpha units'><div class='post-entry post-entry-type-page post-entry-187362'><div class='entry-content-wrapper clearfix'>\n\n<style type=\"text\/css\" data-created_by=\"avia_inline_auto\" id=\"style-css-av-fas2y7-a76b43fa1367d95aefad3694ed3ee664\">\n.flex_column.av-fas2y7-a76b43fa1367d95aefad3694ed3ee664{\nborder-radius:0px 0px 0px 0px;\npadding:0px 0px 0px 0px;\n}\n<\/style>\n<div  class='flex_column av-fas2y7-a76b43fa1367d95aefad3694ed3ee664 av_one_fifth  avia-builder-el-1  el_before_av_three_fifth  avia-builder-el-first  first flex_column_div av-zero-column-padding  '     ><\/div>\n<style type=\"text\/css\" data-created_by=\"avia_inline_auto\" id=\"style-css-av-ekq5in-7935518da5dd448a0a08f97dbe273e87\">\n.flex_column.av-ekq5in-7935518da5dd448a0a08f97dbe273e87{\nborder-radius:0px 0px 0px 0px;\npadding:0px 0px 0px 0px;\n}\n<\/style>\n<div  class='flex_column av-ekq5in-7935518da5dd448a0a08f97dbe273e87 av_three_fifth  avia-builder-el-2  el_after_av_one_fifth  el_before_av_one_fifth  flex_column_div av-zero-column-padding  '     ><style type=\"text\/css\" data-created_by=\"avia_inline_auto\" id=\"style-css-av-mfnr9mo6-a274d58493126447e62d1f1dd15155d4\">\n#top .av-special-heading.av-mfnr9mo6-a274d58493126447e62d1f1dd15155d4{\npadding-bottom:10px;\ncolor:#ffffff;\nfont-size:50px;\n}\nbody .av-special-heading.av-mfnr9mo6-a274d58493126447e62d1f1dd15155d4 .av-special-heading-tag .heading-char{\nfont-size:25px;\n}\n#top #wrap_all .av-special-heading.av-mfnr9mo6-a274d58493126447e62d1f1dd15155d4 .av-special-heading-tag{\nfont-size:50px;\n}\n.av-special-heading.av-mfnr9mo6-a274d58493126447e62d1f1dd15155d4 .special-heading-inner-border{\nborder-color:#ffffff;\n}\n.av-special-heading.av-mfnr9mo6-a274d58493126447e62d1f1dd15155d4 .av-subheading{\nfont-size:25px;\ncolor:#ffffff;\n}\n\n@media only screen and (min-width: 480px) and (max-width: 767px){ \n#top #wrap_all .av-special-heading.av-mfnr9mo6-a274d58493126447e62d1f1dd15155d4 .av-special-heading-tag{\nfont-size:0.8em;\n}\n}\n\n@media only screen and (max-width: 479px){ \n#top #wrap_all .av-special-heading.av-mfnr9mo6-a274d58493126447e62d1f1dd15155d4 .av-special-heading-tag{\nfont-size:0.8em;\n}\n}\n<\/style>\n<div  class='av-special-heading av-mfnr9mo6-a274d58493126447e62d1f1dd15155d4 av-special-heading-h1 custom-color-heading blockquote modern-quote modern-centered  avia-builder-el-3  avia-builder-el-no-sibling  av-inherit-size'><h1 class='av-special-heading-tag'  itemprop=\"headline\"  >Erste Hilfe f\u00fcr Zusammenhalt!<\/h1><div class='av_custom_color av-subheading av-subheading_below'><p>Gemeinsam zu mehr Selbstvertrauen, Gesundheit und Teilhabe.<\/p>\n<\/div><div class=\"special-heading-border\"><div class=\"special-heading-inner-border\"><\/div><\/div><\/div><\/div>\n<style type=\"text\/css\" data-created_by=\"avia_inline_auto\" id=\"style-css-av-bxdspb-a44377b4062a5ee6c7457d22fa00e63f\">\n.flex_column.av-bxdspb-a44377b4062a5ee6c7457d22fa00e63f{\nborder-radius:0px 0px 0px 0px;\npadding:0px 0px 0px 0px;\n}\n<\/style>\n<div  class='flex_column av-bxdspb-a44377b4062a5ee6c7457d22fa00e63f av_one_fifth  avia-builder-el-4  el_after_av_three_fifth  avia-builder-el-last  flex_column_div av-zero-column-padding  '     ><\/div>\n\n<\/div><\/div><\/main><!-- close content main element --><\/div><\/div><div id='av_section_2'  class='avia-section av-1n5fat7m-529354460be5ffb0fc5ab6fc49b2809b main_color avia-section-default avia-no-border-styling  avia-builder-el-5  el_after_av_section  el_before_av_section  avia-bg-style-scroll container_wrap fullsize'  ><div class='container av-section-cont-open' ><div class='template-page content  av-content-full alpha units'><div class='post-entry post-entry-type-page post-entry-187362'><div class='entry-content-wrapper clearfix'>\n<div  class='flex_column av-1f5babky-39f77c6a0d895cea1f6638657ccf8751 av_one_fifth  avia-builder-el-6  el_before_av_three_fifth  avia-builder-el-first  first flex_column_div  '     ><style type=\"text\/css\" data-created_by=\"avia_inline_auto\" id=\"style-css-av-mfns3576-b9bbd6f05b846b6fd21294f6fbf016ed\">\n.avia-image-container.av-mfns3576-b9bbd6f05b846b6fd21294f6fbf016ed img.avia_image{\nbox-shadow:none;\n}\n.avia-image-container.av-mfns3576-b9bbd6f05b846b6fd21294f6fbf016ed .av-image-caption-overlay-center{\ncolor:#ffffff;\n}\n<\/style>\n<div  class='avia-image-container av-mfns3576-b9bbd6f05b846b6fd21294f6fbf016ed av-styling- avia-align-center  avia-builder-el-7  avia-builder-el-no-sibling '   itemprop=\"image\" itemscope=\"itemscope\" itemtype=\"https:\/\/schema.org\/ImageObject\" ><div class=\"avia-image-container-inner\"><div class=\"avia-image-overlay-wrap\"><img fetchpriority=\"high\" decoding=\"async\" fetchpriority=\"high\" fetchpriority=\"high\" class='wp-image-187382 avia-img-lazy-loading-not-187382 avia_image ' src=\"https:\/\/medical-solidarity.org\/wp-content\/uploads\/2025\/09\/Design_ohne_Titel-Kopie-2-240x300.png\" alt='' title='Design_ohne_Titel Kopie 2'  height=\"300\" width=\"240\"  itemprop=\"thumbnailUrl\" srcset=\"https:\/\/medical-solidarity.org\/wp-content\/uploads\/2025\/09\/Design_ohne_Titel-Kopie-2-240x300.png 240w, https:\/\/medical-solidarity.org\/wp-content\/uploads\/2025\/09\/Design_ohne_Titel-Kopie-2-824x1030.png 824w, https:\/\/medical-solidarity.org\/wp-content\/uploads\/2025\/09\/Design_ohne_Titel-Kopie-2-768x960.png 768w, https:\/\/medical-solidarity.org\/wp-content\/uploads\/2025\/09\/Design_ohne_Titel-Kopie-2-564x705.png 564w, https:\/\/medical-solidarity.org\/wp-content\/uploads\/2025\/09\/Design_ohne_Titel-Kopie-2.png 1080w\" sizes=\"(max-width: 240px) 100vw, 240px\" \/><\/div><\/div><\/div><\/div><div  class='flex_column av-1eajw2ea-105d967b93453fe94c90eb8f6ee291aa av_three_fifth  avia-builder-el-8  el_after_av_one_fifth  el_before_av_one_fifth  flex_column_div  '     ><p>\n<style type=\"text\/css\" data-created_by=\"avia_inline_auto\" id=\"style-css-av-mfns4xi2-7ce5f963d9386effa7fe707874cb063e\">\n#top .hr.hr-invisible.av-mfns4xi2-7ce5f963d9386effa7fe707874cb063e{\nheight:50px;\n}\n<\/style>\n<div  class='hr av-mfns4xi2-7ce5f963d9386effa7fe707874cb063e hr-invisible  avia-builder-el-9  el_before_av_textblock  avia-builder-el-first '><span class='hr-inner '><span class=\"hr-inner-style\"><\/span><\/span><\/div><br \/>\n<section  class='av_textblock_section av-mfnsvbbk-41ad2c3e71c8c4957e9fb633d4ff83cd '   itemscope=\"itemscope\" itemtype=\"https:\/\/schema.org\/CreativeWork\" ><div class='avia_textblock'  itemprop=\"text\" ><h2>Hilfe zu leisten ist kein Privileg, sondern eine F\u00e4higkeit, die alle st\u00e4rkt und verbindet.<\/h2>\n<p>Unser Projekt \u201aErste Hilfe f\u00fcr Zusammenhalt\u2018 vermittelt Gefl\u00fcchteten praxisnahe Erste-Hilfe-Kenntnisse. So unterst\u00fctzen wir sie dabei, sich im Alltag besser zu behaupten und st\u00e4rken gleichzeitig das gegenseitige Miteinander. Gemeinsam machen wir den ersten Schritt zu mehr Selbstvertrauen, Gesundheit und Teilhabe.<\/p>\n<h3><\/h3>\n<\/div><\/section><br \/>\n<section  class='av_textblock_section av-mfnry3cx-6003db4aa79a93e2c6c6336fc2334d93 '   itemscope=\"itemscope\" itemtype=\"https:\/\/schema.org\/CreativeWork\" ><div class='avia_textblock'  itemprop=\"text\" ><h3><strong>Projektziele:<\/strong><\/h3>\n<ul>\n<li>Verbesserung der Gesundheitsversorgung in Unterk\u00fcnften<\/li>\n<li>F\u00f6rderung der sozialen Teilhabe und des Selbstbewusstseins<\/li>\n<li>Er\u00f6ffnung neuer beruflicher Perspektiven, besonders im Gesundheitsbereich<\/li>\n<li>Aufbau nachhaltiger Netzwerke und langfristiger Multiplikatoren-Strukturen<\/li>\n<\/ul>\n<h3><\/h3>\n<\/div><\/section><br \/>\n<section  class='av_textblock_section av-mfnrztib-ebb2cb0ef1a5b48928e44c402ca06a0c '   itemscope=\"itemscope\" itemtype=\"https:\/\/schema.org\/CreativeWork\" ><div class='avia_textblock'  itemprop=\"text\" ><h3><strong>Warum bieten wir dieses Projekt f\u00fcr gefl\u00fcchtete Menschen an?<\/strong><\/h3>\n<p>Gefl\u00fcchtete stehen in Deutschland oft vor H\u00fcrden im Gesundheitssystem: Sprachbarrieren, komplizierte Prozesse und lange Wartezeiten machen eine schnelle Versorgung schwierig. Mit unseren kostenlosen Erste Hilfe Kursen m\u00f6chten wir helfen, diese Versorgungsl\u00fccke zu schlie\u00dfen und den Zugang zu fachlicher Hilfe erleichtern. Wir st\u00e4rken das Menschenrecht auf Gesundheit und f\u00f6rdern mit unserem Angebot das Selbsthilfepotenzial, die Sicherheit und das Wohlergehen der Teilnehmenden.<\/p>\n<h3><\/h3>\n<h3><\/h3>\n<\/div><\/section><br \/>\n<section  class='av_textblock_section av-mfns16id-6ad71304ab2c390b7ee148c7d675557e '   itemscope=\"itemscope\" itemtype=\"https:\/\/schema.org\/CreativeWork\" ><div class='avia_textblock'  itemprop=\"text\" ><h3><strong>Wie laufen die Kurse ab?<\/strong><\/h3>\n<p>Unsere Erste Hilfe Workshops werden als eint\u00e4giger Kurs direkt in Unterk\u00fcnften oder an einem vereinbarten Ort durchgef\u00fchrt. Die Schulungen sind praxisnah, verst\u00e4ndlich und fokussieren auf allt\u00e4gliche Notf\u00e4lle, z.\u202fB. bei Verletzungen, Erkrankungen oder Unf\u00e4llen. Geschulte Anleiter:innen sorgen daf\u00fcr, dass alle Inhalte verst\u00e4ndlich und kulturell sensibel vermittelt werden. Die Kurse finden auf Deutsch oder Englisch statt, auf Wunsch kann auch eine weitere Sprache dank Sprachmittler:innen angeboten werden. Als Abschluss erhalten die Teilnehmenden ein Zertifikat direkt vor Ort, das zus\u00e4tzlich die beruflichen Perspektiven im Gesundheitssektor st\u00e4rken kann oder beispielsweise f\u00fcr den Erwerb des F\u00fchrerscheins eine gute Grundlage bietet.<\/p>\n<h3><\/h3>\n<h3><\/h3>\n<\/div><\/section><br \/>\n<section  class='av_textblock_section av-mfns1dad-9be1242e436364fead33387269301707 '   itemscope=\"itemscope\" itemtype=\"https:\/\/schema.org\/CreativeWork\" ><div class='avia_textblock'  itemprop=\"text\" ><h3><strong>Mitmachen &#038; Kontakt<\/strong><\/h3>\n<p>Das Angebot richtet sich an Gefl\u00fcchtete ab 16 Jahren, die ihre eigene Sicherheit und die ihrer Mitmenschen verbessern m\u00f6chten \u2013 unabh\u00e4ngig von Vorkenntnissen. Wer Interesse an einem Kurs in seiner Unterkunft hat, kann uns direkt kontaktieren. Wir beraten, organisieren und f\u00fchren die Workshops individuell vor Ort durch mit einer maximalen Teilnehmerzahl von 15 Personen.<\/p>\n<h3><\/h3>\n<h3><\/h3>\n<\/div><\/section><\/p><\/div><div  class='flex_column av-tpwniua-b472746bd217e6d2f307e11534c977ca av_one_fifth  avia-builder-el-15  el_after_av_three_fifth  avia-builder-el-last  flex_column_div  '     ><\/div>\n\n<\/div><\/div><\/div><!-- close content main div --><\/div><\/div><div id='av_section_3'  class='avia-section av-rdbbbky-4a9a9b36eaad41db0faae515c33aeb4c main_color avia-section-default avia-no-border-styling  avia-builder-el-16  el_after_av_section  el_before_av_one_full  avia-bg-style-scroll container_wrap fullsize'  ><div class='container av-section-cont-open' ><div class='template-page content  av-content-full alpha units'><div class='post-entry post-entry-type-page post-entry-187362'><div class='entry-content-wrapper clearfix'>\n\n<style type=\"text\/css\" data-created_by=\"avia_inline_auto\" id=\"style-css-av-jv1pjoi-a6329d6bdf44f4867da4ce4ba046ef15\">\n.flex_column.av-jv1pjoi-a6329d6bdf44f4867da4ce4ba046ef15{\nborder-radius:0px 0px 0px 0px;\npadding:0px 0px 0px 0px;\n}\n<\/style>\n<div  class='flex_column av-jv1pjoi-a6329d6bdf44f4867da4ce4ba046ef15 av_one_fourth  avia-builder-el-17  el_before_av_three_fourth  avia-builder-el-first  first flex_column_div av-zero-column-padding  '     ><style type=\"text\/css\" data-created_by=\"avia_inline_auto\" id=\"style-css-av-fxfiqle-978de4e4495a37239193c9069bd48d59\">\n.avia-image-container.av-fxfiqle-978de4e4495a37239193c9069bd48d59 img.avia_image{\nbox-shadow:none;\n}\n.avia-image-container.av-fxfiqle-978de4e4495a37239193c9069bd48d59 .av-image-caption-overlay-center{\ncolor:#ffffff;\n}\n<\/style>\n<div  class='avia-image-container av-fxfiqle-978de4e4495a37239193c9069bd48d59 av-styling-circle avia-align-center  avia-builder-el-18  avia-builder-el-no-sibling '   itemprop=\"image\" itemscope=\"itemscope\" itemtype=\"https:\/\/schema.org\/ImageObject\" ><div class=\"avia-image-container-inner\"><div class=\"avia-image-overlay-wrap\"><img fetchpriority=\"high\" decoding=\"async\" fetchpriority=\"high\" fetchpriority=\"high\" class='wp-image-183363 avia-img-lazy-loading-not-183363 avia_image ' src=\"https:\/\/medical-solidarity.org\/wp-content\/uploads\/2023\/10\/Vivi.jpeg\" alt='team_vivi' title='Vivi'  height=\"241\" width=\"241\"  itemprop=\"thumbnailUrl\" srcset=\"https:\/\/medical-solidarity.org\/wp-content\/uploads\/2023\/10\/Vivi.jpeg 241w, https:\/\/medical-solidarity.org\/wp-content\/uploads\/2023\/10\/Vivi-80x80.jpeg 80w, https:\/\/medical-solidarity.org\/wp-content\/uploads\/2023\/10\/Vivi-36x36.jpeg 36w, https:\/\/medical-solidarity.org\/wp-content\/uploads\/2023\/10\/Vivi-180x180.jpeg 180w\" sizes=\"(max-width: 241px) 100vw, 241px\" \/><\/div><\/div><\/div><\/div>\n<style type=\"text\/css\" data-created_by=\"avia_inline_auto\" id=\"style-css-av-1cmif36-e20451ef73f519b1bf676c2aa7149070\">\n.flex_column.av-1cmif36-e20451ef73f519b1bf676c2aa7149070{\nborder-radius:0px 0px 0px 0px;\npadding:0px 0px 0px 0px;\n}\n<\/style>\n<div  class='flex_column av-1cmif36-e20451ef73f519b1bf676c2aa7149070 av_three_fourth  avia-builder-el-19  el_after_av_one_fourth  avia-builder-el-last  flex_column_div av-zero-column-padding  '     ><section  class='av_textblock_section av-8ahfahu-6dc35323273fa61f59bb614f7fb8b5a6 '   itemscope=\"itemscope\" itemtype=\"https:\/\/schema.org\/CreativeWork\" ><div class='avia_textblock'  itemprop=\"text\" ><h2>Hast du Fragen?<\/h2>\n<p>Jetzt melden: Einfach eine E-Mail schreiben \u2013 wir besprechen alle Details pers\u00f6nlich und flexibel.<\/p>\n<p>viviane@medical-solidarity.org<\/p>\n<\/div><\/section><br \/>\n\n<style type=\"text\/css\" data-created_by=\"avia_inline_auto\" id=\"style-css-av-7bftrmq-96d94b85cd7b8705adfbadf4b799ffa6\">\n#top .hr.hr-invisible.av-7bftrmq-96d94b85cd7b8705adfbadf4b799ffa6{\nheight:50px;\n}\n<\/style>\n<div  class='hr av-7bftrmq-96d94b85cd7b8705adfbadf4b799ffa6 hr-invisible  avia-builder-el-21  el_after_av_textblock  avia-builder-el-last '><span class='hr-inner '><span class=\"hr-inner-style\"><\/span><\/span><\/div><\/p><\/div><\/div><\/div><\/div><!-- close content main div --><\/div><\/div><div id='after_section_3'  class='main_color av_default_container_wrap container_wrap fullsize'  ><div class='container av-section-cont-open' ><div class='template-page content  av-content-full alpha units'><div class='post-entry post-entry-type-page post-entry-187362'><div class='entry-content-wrapper clearfix'><div  class='flex_column av-8vwfmw2-8bf9538034de7011c42fad83f0b92c7b av_one_full  avia-builder-el-22  el_after_av_section  avia-builder-el-no-sibling  first flex_column_div  '     ><section  class='av_textblock_section av-mfnv4q09-219edd49df3a93ac7716b2577eb88384 '   itemscope=\"itemscope\" itemtype=\"https:\/\/schema.org\/CreativeWork\" ><div class='avia_textblock'  itemprop=\"text\" ><p style=\"text-align: center;\">Das Projekt wird dankenswerterweise erm\u00f6glicht durch die Unterst\u00fctzung von der deutschen Fernsehlotterie und dem Deutschen Hilfswerk.<\/p>\n<h3><\/h3>\n<h3><\/h3>\n<\/div><\/section><br \/>\n\n<style type=\"text\/css\" data-created_by=\"avia_inline_auto\" id=\"style-css-av-mfnv9pc9-0f072bd0ed103253ea12cabc2d615bf1\">\n.avia-image-container.av-mfnv9pc9-0f072bd0ed103253ea12cabc2d615bf1 img.avia_image{\nbox-shadow:none;\n}\n.avia-image-container.av-mfnv9pc9-0f072bd0ed103253ea12cabc2d615bf1 .av-image-caption-overlay-center{\ncolor:#ffffff;\n}\n<\/style>\n<div  class='avia-image-container av-mfnv9pc9-0f072bd0ed103253ea12cabc2d615bf1 av-styling- avia-align-center  avia-builder-el-24  el_after_av_textblock  avia-builder-el-last '   itemprop=\"image\" itemscope=\"itemscope\" itemtype=\"https:\/\/schema.org\/ImageObject\" ><div class=\"avia-image-container-inner\"><div class=\"avia-image-overlay-wrap\"><img fetchpriority=\"high\" decoding=\"async\" fetchpriority=\"high\" fetchpriority=\"high\" class='wp-image-187402 avia-img-lazy-loading-not-187402 avia_image ' src=\"https:\/\/medical-solidarity.org\/wp-content\/uploads\/2025\/09\/Design-ohne-Titel-180x180.png\" alt='' title='Design ohne Titel'  height=\"180\" width=\"180\"  itemprop=\"thumbnailUrl\" srcset=\"https:\/\/medical-solidarity.org\/wp-content\/uploads\/2025\/09\/Design-ohne-Titel-180x180.png 180w, https:\/\/medical-solidarity.org\/wp-content\/uploads\/2025\/09\/Design-ohne-Titel-80x80.png 80w, https:\/\/medical-solidarity.org\/wp-content\/uploads\/2025\/09\/Design-ohne-Titel-36x36.png 36w, https:\/\/medical-solidarity.org\/wp-content\/uploads\/2025\/09\/Design-ohne-Titel.png 300w\" sizes=\"(max-width: 180px) 100vw, 180px\" \/><\/div><\/div><\/div><\/p><\/div><\/p>\n","protected":false},"excerpt":{"rendered":"","protected":false},"author":81,"featured_media":0,"parent":0,"menu_order":0,"comment_status":"closed","ping_status":"closed","template":"","meta":{"footnotes":""},"class_list":["post-187362","page","type-page","status-publish","hentry"],"yoast_head":"<!-- This site is optimized with the Yoast SEO plugin v27.4 - https:\/\/yoast.com\/product\/yoast-seo-wordpress\/ -->\n<title>Erste Hilfe f\u00fcr Zusammenhalt &#8212; Medical Solidarity International<\/title>\n<meta name=\"robots\" content=\"index, follow, max-snippet:-1, max-image-preview:large, max-video-preview:-1\" \/>\n<link rel=\"canonical\" href=\"https:\/\/medical-solidarity.org\/de\/erste-hilfe-fuer-zusammenhalt\/\" \/>\n<meta property=\"og:locale\" content=\"de_DE\" \/>\n<meta property=\"og:type\" content=\"article\" \/>\n<meta property=\"og:title\" content=\"Erste Hilfe f\u00fcr Zusammenhalt &#8212; Medical Solidarity International\" \/>\n<meta property=\"og:url\" content=\"https:\/\/medical-solidarity.org\/de\/erste-hilfe-fuer-zusammenhalt\/\" \/>\n<meta property=\"og:site_name\" content=\"Medical Solidarity International\" \/>\n<meta property=\"article:publisher\" content=\"https:\/\/www.facebook.com\/medicalvolunteersinternational\/\" \/>\n<meta property=\"article:modified_time\" content=\"2025-10-01T11:02:03+00:00\" \/>\n<meta name=\"twitter:card\" content=\"summary_large_image\" \/>\n<meta name=\"twitter:site\" content=\"@MVI_Greece\" \/>\n<meta name=\"twitter:label1\" content=\"Gesch\u00e4tzte Lesezeit\" \/>\n\t<meta name=\"twitter:data1\" content=\"3\u00a0Minuten\" \/>\n<script type=\"application\/ld+json\" class=\"yoast-schema-graph\">{\"@context\":\"https:\\\/\\\/schema.org\",\"@graph\":[{\"@type\":\"WebPage\",\"@id\":\"https:\\\/\\\/medical-solidarity.org\\\/de\\\/erste-hilfe-fuer-zusammenhalt\\\/\",\"url\":\"https:\\\/\\\/medical-solidarity.org\\\/de\\\/erste-hilfe-fuer-zusammenhalt\\\/\",\"name\":\"Erste Hilfe f\u00fcr Zusammenhalt &#8212; Medical Solidarity International\",\"isPartOf\":{\"@id\":\"https:\\\/\\\/medical-solidarity.org\\\/de\\\/#website\"},\"datePublished\":\"2025-09-17T10:30:58+00:00\",\"dateModified\":\"2025-10-01T11:02:03+00:00\",\"breadcrumb\":{\"@id\":\"https:\\\/\\\/medical-solidarity.org\\\/de\\\/erste-hilfe-fuer-zusammenhalt\\\/#breadcrumb\"},\"inLanguage\":\"de\",\"potentialAction\":[{\"@type\":\"ReadAction\",\"target\":[\"https:\\\/\\\/medical-solidarity.org\\\/de\\\/erste-hilfe-fuer-zusammenhalt\\\/\"]}]},{\"@type\":\"BreadcrumbList\",\"@id\":\"https:\\\/\\\/medical-solidarity.org\\\/de\\\/erste-hilfe-fuer-zusammenhalt\\\/#breadcrumb\",\"itemListElement\":[{\"@type\":\"ListItem\",\"position\":1,\"name\":\"Home\",\"item\":\"https:\\\/\\\/medical-solidarity.org\\\/de\\\/medical-volunteers-2\\\/\"},{\"@type\":\"ListItem\",\"position\":2,\"name\":\"Erste Hilfe f\u00fcr Zusammenhalt\"}]},{\"@type\":\"WebSite\",\"@id\":\"https:\\\/\\\/medical-solidarity.org\\\/de\\\/#website\",\"url\":\"https:\\\/\\\/medical-solidarity.org\\\/de\\\/\",\"name\":\"Medical Solidarity International\",\"description\":\"\",\"publisher\":{\"@id\":\"https:\\\/\\\/medical-solidarity.org\\\/de\\\/#organization\"},\"potentialAction\":[{\"@type\":\"SearchAction\",\"target\":{\"@type\":\"EntryPoint\",\"urlTemplate\":\"https:\\\/\\\/medical-solidarity.org\\\/de\\\/?s={search_term_string}\"},\"query-input\":{\"@type\":\"PropertyValueSpecification\",\"valueRequired\":true,\"valueName\":\"search_term_string\"}}],\"inLanguage\":\"de\"},{\"@type\":\"Organization\",\"@id\":\"https:\\\/\\\/medical-solidarity.org\\\/de\\\/#organization\",\"name\":\"Medical Solidarity International\",\"url\":\"https:\\\/\\\/medical-solidarity.org\\\/de\\\/\",\"logo\":{\"@type\":\"ImageObject\",\"inLanguage\":\"de\",\"@id\":\"https:\\\/\\\/medical-solidarity.org\\\/de\\\/#\\\/schema\\\/logo\\\/image\\\/\",\"url\":\"https:\\\/\\\/medical-solidarity.org\\\/wp-content\\\/uploads\\\/2025\\\/10\\\/Logo-rot-schwarz.png\",\"contentUrl\":\"https:\\\/\\\/medical-solidarity.org\\\/wp-content\\\/uploads\\\/2025\\\/10\\\/Logo-rot-schwarz.png\",\"width\":1421,\"height\":1500,\"caption\":\"Medical Solidarity International\"},\"image\":{\"@id\":\"https:\\\/\\\/medical-solidarity.org\\\/de\\\/#\\\/schema\\\/logo\\\/image\\\/\"},\"sameAs\":[\"https:\\\/\\\/www.facebook.com\\\/medicalvolunteersinternational\\\/\",\"https:\\\/\\\/x.com\\\/MVI_Greece\",\"https:\\\/\\\/www.instagram.com\\\/mvi_greece\\\/\"]}]}<\/script>\n<!-- \/ Yoast SEO plugin. -->","yoast_head_json":{"title":"Erste Hilfe f\u00fcr Zusammenhalt &#8212; Medical Solidarity International","robots":{"index":"index","follow":"follow","max-snippet":"max-snippet:-1","max-image-preview":"max-image-preview:large","max-video-preview":"max-video-preview:-1"},"canonical":"https:\/\/medical-solidarity.org\/de\/erste-hilfe-fuer-zusammenhalt\/","og_locale":"de_DE","og_type":"article","og_title":"Erste Hilfe f\u00fcr Zusammenhalt &#8212; Medical Solidarity International","og_url":"https:\/\/medical-solidarity.org\/de\/erste-hilfe-fuer-zusammenhalt\/","og_site_name":"Medical Solidarity International","article_publisher":"https:\/\/www.facebook.com\/medicalvolunteersinternational\/","article_modified_time":"2025-10-01T11:02:03+00:00","twitter_card":"summary_large_image","twitter_site":"@MVI_Greece","twitter_misc":{"Gesch\u00e4tzte Lesezeit":"3\u00a0Minuten"},"schema":{"@context":"https:\/\/schema.org","@graph":[{"@type":"WebPage","@id":"https:\/\/medical-solidarity.org\/de\/erste-hilfe-fuer-zusammenhalt\/","url":"https:\/\/medical-solidarity.org\/de\/erste-hilfe-fuer-zusammenhalt\/","name":"Erste Hilfe f\u00fcr Zusammenhalt &#8212; Medical Solidarity International","isPartOf":{"@id":"https:\/\/medical-solidarity.org\/de\/#website"},"datePublished":"2025-09-17T10:30:58+00:00","dateModified":"2025-10-01T11:02:03+00:00","breadcrumb":{"@id":"https:\/\/medical-solidarity.org\/de\/erste-hilfe-fuer-zusammenhalt\/#breadcrumb"},"inLanguage":"de","potentialAction":[{"@type":"ReadAction","target":["https:\/\/medical-solidarity.org\/de\/erste-hilfe-fuer-zusammenhalt\/"]}]},{"@type":"BreadcrumbList","@id":"https:\/\/medical-solidarity.org\/de\/erste-hilfe-fuer-zusammenhalt\/#breadcrumb","itemListElement":[{"@type":"ListItem","position":1,"name":"Home","item":"https:\/\/medical-solidarity.org\/de\/medical-volunteers-2\/"},{"@type":"ListItem","position":2,"name":"Erste Hilfe f\u00fcr Zusammenhalt"}]},{"@type":"WebSite","@id":"https:\/\/medical-solidarity.org\/de\/#website","url":"https:\/\/medical-solidarity.org\/de\/","name":"Medical Solidarity International","description":"","publisher":{"@id":"https:\/\/medical-solidarity.org\/de\/#organization"},"potentialAction":[{"@type":"SearchAction","target":{"@type":"EntryPoint","urlTemplate":"https:\/\/medical-solidarity.org\/de\/?s={search_term_string}"},"query-input":{"@type":"PropertyValueSpecification","valueRequired":true,"valueName":"search_term_string"}}],"inLanguage":"de"},{"@type":"Organization","@id":"https:\/\/medical-solidarity.org\/de\/#organization","name":"Medical Solidarity International","url":"https:\/\/medical-solidarity.org\/de\/","logo":{"@type":"ImageObject","inLanguage":"de","@id":"https:\/\/medical-solidarity.org\/de\/#\/schema\/logo\/image\/","url":"https:\/\/medical-solidarity.org\/wp-content\/uploads\/2025\/10\/Logo-rot-schwarz.png","contentUrl":"https:\/\/medical-solidarity.org\/wp-content\/uploads\/2025\/10\/Logo-rot-schwarz.png","width":1421,"height":1500,"caption":"Medical Solidarity International"},"image":{"@id":"https:\/\/medical-solidarity.org\/de\/#\/schema\/logo\/image\/"},"sameAs":["https:\/\/www.facebook.com\/medicalvolunteersinternational\/","https:\/\/x.com\/MVI_Greece","https:\/\/www.instagram.com\/mvi_greece\/"]}]}},"_links":{"self":[{"href":"https:\/\/medical-solidarity.org\/de\/wp-json\/wp\/v2\/pages\/187362","targetHints":{"allow":["GET"]}}],"collection":[{"href":"https:\/\/medical-solidarity.org\/de\/wp-json\/wp\/v2\/pages"}],"about":[{"href":"https:\/\/medical-solidarity.org\/de\/wp-json\/wp\/v2\/types\/page"}],"author":[{"embeddable":true,"href":"https:\/\/medical-solidarity.org\/de\/wp-json\/wp\/v2\/users\/81"}],"replies":[{"embeddable":true,"href":"https:\/\/medical-solidarity.org\/de\/wp-json\/wp\/v2\/comments?post=187362"}],"version-history":[{"count":10,"href":"https:\/\/medical-solidarity.org\/de\/wp-json\/wp\/v2\/pages\/187362\/revisions"}],"predecessor-version":[{"id":187563,"href":"https:\/\/medical-solidarity.org\/de\/wp-json\/wp\/v2\/pages\/187362\/revisions\/187563"}],"wp:attachment":[{"href":"https:\/\/medical-solidarity.org\/de\/wp-json\/wp\/v2\/media?parent=187362"}],"curies":[{"name":"wp","href":"https:\/\/api.w.org\/{rel}","templated":true}]}}